{"id":1022,"date":"2020-03-17T11:57:47","date_gmt":"2020-03-17T14:57:47","guid":{"rendered":"https:\/\/ensfjsmo-sjn.infd.edu.ar\/sitio\/?page_id=1022"},"modified":"2020-03-17T13:57:35","modified_gmt":"2020-03-17T16:57:35","slug":"formato-provincial-de-secuencias-didacticas","status":"publish","type":"page","link":"https:\/\/ensfjsmo-sjn.infd.edu.ar\/sitio\/informacion-para-docentes\/formato-provincial-de-secuencias-didacticas\/","title":{"rendered":"Formato Provincial de Secuencias Did\u00e1cticas"},"content":{"rendered":"<p>Dado lo establecido por la disposici\u00f3n N\u00b048 DEP del Ministerio de Educaci\u00f3n de la Provincia de San Juan donde se establece la obligatoriedad de la institucionalizaci\u00f3n del Formato Provincial de Secuencias Did\u00e1cticas es que disponemos este espacio para facilitar el acceso a resoluciones, bibliograf\u00eda y nuestro plan institucional.<\/p>\n<p>Sugerimos su lectura e incorporaci\u00f3n en las planificaciones de las unidades curriculares.<\/p>\n<p>El equipo que ha estado participando en el dise\u00f1o del plan institucional esta conformado por los sigueintes profesores:<\/p>\n<p>Prof. Carolina Caliva<\/p>\n<p>Prof. Valeria Pezzini<\/p>\n<p>Prof. Cano Emilce<\/p>\n<p>Prof. Rodolfo Reiloba<\/p>\n<p>Prof. Liliana Vedia<\/p>\n<p>Prof. Daniela Camposano<\/p>\n<p>Prof. Osvaldo Espejo<\/p>\n<p><a href=\"https:\/\/ensfjsmo-sjn.infd.edu.ar\/sitio\/wp-content\/uploads\/2020\/03\/BIBLIOGRAFIA_DE_REFERENCIA-Plan_Provincial-Modulo_I-_1.pdf\">BIBLIOGRAFIA_DE_REFERENCIA-Plan_Provincial-Modulo_I-_1<\/a> <a href=\"https:\/\/ensfjsmo-sjn.infd.edu.ar\/sitio\/wp-content\/uploads\/2020\/03\/Disposicion_48-DEP.pdf\">Disposicion_48-DEP<\/a><\/p>\n<p><a href=\"https:\/\/ensfjsmo-sjn.infd.edu.ar\/sitio\/wp-content\/uploads\/2020\/03\/Plan-de-accion-FPSD-2.docx\">Plan de accion FPSD 2<\/a><\/p>\n<p><a href=\"https:\/\/ensfjsmo-sjn.infd.edu.ar\/sitio\/wp-content\/uploads\/2020\/03\/Presentaci\u00f3n-del-Plan-de-apropiacion-del-FPSD.pptx\">Presentaci\u00f3n del Plan de apropiacion del FPSD<\/a><\/p>\n<p><img decoding=\"async\" loading=\"lazy\" class=\"alignnone size-medium wp-image-1027\" src=\"https:\/\/ensfjsmo-sjn.infd.edu.ar\/sitio\/wp-content\/uploads\/2020\/03\/WhatsApp-Image-2019-09-17-at-09.21.09-1000x683.jpeg\" alt=\"\" width=\"1000\" height=\"683\" srcset=\"https:\/\/ensfjsmo-sjn.infd.edu.ar\/sitio\/wp-content\/uploads\/2020\/03\/WhatsApp-Image-2019-09-17-at-09.21.09-1000x683.jpeg 1000w, https:\/\/ensfjsmo-sjn.infd.edu.ar\/sitio\/wp-content\/uploads\/2020\/03\/WhatsApp-Image-2019-09-17-at-09.21.09-768x525.jpeg 768w, https:\/\/ensfjsmo-sjn.infd.edu.ar\/sitio\/wp-content\/uploads\/2020\/03\/WhatsApp-Image-2019-09-17-at-09.21.09.jpeg 1060w\" sizes=\"(max-width: 1000px) 100vw, 1000px\" \/><\/p>\n<p><a href=\"https:\/\/ensfjsmo-sjn.infd.edu.ar\/sitio\/wp-content\/uploads\/2020\/03\/El-Aprendizaje-Basado-en-Problemas.pdf\">El-Aprendizaje-Basado-en-Problemas<\/a><\/p>\n<p><a href=\"https:\/\/ensfjsmo-sjn.infd.edu.ar\/sitio\/wp-content\/uploads\/2020\/03\/El-Aprendizaje-Colaborativo-como-estrategias-transversales-a-la-formacion.pdf\">El-Aprendizaje-Colaborativo-como-estrategias-transversales-a-la-formacion<\/a><\/p>\n<p><a href=\"https:\/\/ensfjsmo-sjn.infd.edu.ar\/sitio\/wp-content\/uploads\/2020\/03\/La-estrategia-de-analisis-y-discusion-de-casos.pdf\">La-estrategia-de-analisis-y-discusion-de-casos<\/a><\/p>\n<p><a href=\"https:\/\/ensfjsmo-sjn.infd.edu.ar\/sitio\/wp-content\/uploads\/2020\/03\/Badilla_Saxe-Construccionismo_Objetos_para_pensar_ent.pdf\">Badilla_Saxe-Construccionismo_Objetos_para_pensar_ent<\/a><\/p>\n<p><a href=\"https:\/\/ensfjsmo-sjn.infd.edu.ar\/sitio\/wp-content\/uploads\/2020\/03\/Contenidos-capacidades-y-competencias-en-el-FPSD.pdf\">Contenidos capacidades y competencias en el FPSD<\/a><\/p>\n<p><a href=\"https:\/\/ensfjsmo-sjn.infd.edu.ar\/sitio\/wp-content\/uploads\/2020\/03\/Diaz_Barriga-Guia-secuencias-didacticas_Angel_Diaz.pdf\">Diaz_Barriga-Guia-secuencias-didacticas_Angel_Diaz<\/a><\/p>\n<p><a href=\"https:\/\/ensfjsmo-sjn.infd.edu.ar\/sitio\/wp-content\/uploads\/2020\/03\/El-formato-de-secuencia-didactica-en-la-planificacion-docente.....pdf\">El formato de secuencia didactica en la planificacion docente&#8230;.<\/a><\/p>\n<p><a href=\"https:\/\/ensfjsmo-sjn.infd.edu.ar\/sitio\/wp-content\/uploads\/2020\/03\/El-FPSD-como-estrategias-para-el-desarrollo-capacidades-y-habilidades.pdf\">El FPSD como estrategias para el desarrollo capacidades y habilidades<\/a><\/p>\n<p><a href=\"https:\/\/ensfjsmo-sjn.infd.edu.ar\/sitio\/wp-content\/uploads\/2020\/03\/Roegiers-Marco_conceptual_para_la_evaluacion_de_competencias.pdf\">Roegiers-Marco_conceptual_para_la_evaluacion_de_competencias<\/a><\/p>\n","protected":false},"excerpt":{"rendered":"<p>Dado lo establecido por la disposici\u00f3n N\u00b048 DEP del Ministerio de Educaci\u00f3n de la Provincia de San Juan donde se establece la obligatoriedad de la institucionalizaci\u00f3n del Formato Provincial de Secuencias Did\u00e1cticas es que disponemos este espacio para facilitar el acceso a resoluciones, bibliograf\u00eda y nuestro plan institucional. Sugerimos su lectura e incorporaci\u00f3n en las &#8230; <a title=\"Formato Provincial de Secuencias Did\u00e1cticas\" class=\"read-more\" href=\"https:\/\/ensfjsmo-sjn.infd.edu.ar\/sitio\/informacion-para-docentes\/formato-provincial-de-secuencias-didacticas\/\" aria-label=\"More on Formato Provincial de Secuencias Did\u00e1cticas\">[+]<\/a><\/p>\n","protected":false},"author":100,"featured_media":0,"parent":876,"menu_order":2,"comment_status":"closed","ping_status":"closed","template":"","meta":[],"acf":[],"_links":{"self":[{"href":"https:\/\/ensfjsmo-sjn.infd.edu.ar\/sitio\/wp-json\/wp\/v2\/pages\/1022"}],"collection":[{"href":"https:\/\/ensfjsmo-sjn.infd.edu.ar\/sitio\/wp-json\/wp\/v2\/pages"}],"about":[{"href":"https:\/\/ensfjsmo-sjn.infd.edu.ar\/sitio\/wp-json\/wp\/v2\/types\/page"}],"author":[{"embeddable":true,"href":"https:\/\/ensfjsmo-sjn.infd.edu.ar\/sitio\/wp-json\/wp\/v2\/users\/100"}],"replies":[{"embeddable":true,"href":"https:\/\/ensfjsmo-sjn.infd.edu.ar\/sitio\/wp-json\/wp\/v2\/comments?post=1022"}],"version-history":[{"count":2,"href":"https:\/\/ensfjsmo-sjn.infd.edu.ar\/sitio\/wp-json\/wp\/v2\/pages\/1022\/revisions"}],"predecessor-version":[{"id":1048,"href":"https:\/\/ensfjsmo-sjn.infd.edu.ar\/sitio\/wp-json\/wp\/v2\/pages\/1022\/revisions\/1048"}],"up":[{"embeddable":true,"href":"https:\/\/ensfjsmo-sjn.infd.edu.ar\/sitio\/wp-json\/wp\/v2\/pages\/876"}],"wp:attachment":[{"href":"https:\/\/ensfjsmo-sjn.infd.edu.ar\/sitio\/wp-json\/wp\/v2\/media?parent=1022"}],"curies":[{"name":"wp","href":"https:\/\/api.w.org\/{rel}","templated":true}]}}