{"id":1161,"date":"2020-03-26T10:39:05","date_gmt":"2020-03-26T13:39:05","guid":{"rendered":"https:\/\/ensfjsmo-sjn.infd.edu.ar\/sitio\/?page_id=1161"},"modified":"2020-03-26T10:39:05","modified_gmt":"2020-03-26T13:39:05","slug":"feria-del-libro-2019","status":"publish","type":"page","link":"https:\/\/ensfjsmo-sjn.infd.edu.ar\/sitio\/feria-del-libro\/feria-del-libro-2019\/","title":{"rendered":"Feria del libro 2019"},"content":{"rendered":"<p>16 y 17 de octubre. V Feria del Libro<\/p>\n<p>La Escuela Normal se llen\u00f3 de m\u00fasica, literatura, pl\u00e1stica, t\u00edteres, actuaci\u00f3n. Adultos y ni\u00f1os de todas las edades visitaron nuestras muestras y los distintos talleres: cuenta cuentos, versos divertidos, relat\u00f3metros, buffet literario, abuela cuenta cuentos, juegos matem\u00e1ticos, ciencias naturales, educaci\u00f3n sexual integral, inclusi\u00f3n, aulas heterog\u00e9neas, pr\u00e1ctica docente. Nos visitaron la biblioteca Sarmiento y la Biblioteca Mario Silva. Alumnos de Nivel Superior de las carreras PEP y PEI y alumnos de nivel secundario se destacaron por sus producciones.<\/p>\n<p>Orgullosos de la educaci\u00f3n p\u00fablica, de nuestros estudiantes futuros docentes. Agradecidos de los m\u00fasicos, escritores, artistas pl\u00e1sticos, m\u00fasicos y amantes de la cultura que vinieron y se hicieron parte de este proyecto. Dos d\u00edas intensos por la lectura, por el arte, por la educaci\u00f3n!! \u00a1\u00a1Hasta la pr\u00f3xima edici\u00f3n! \u00a1\u00a1Gracias!!!<img decoding=\"async\" loading=\"lazy\" class=\"alignnone size-medium wp-image-1164\" src=\"https:\/\/ensfjsmo-sjn.infd.edu.ar\/sitio\/wp-content\/uploads\/2020\/03\/IMG-20191017-WA0171-1000x486.jpg\" alt=\"\" width=\"1000\" height=\"486\" srcset=\"https:\/\/ensfjsmo-sjn.infd.edu.ar\/sitio\/wp-content\/uploads\/2020\/03\/IMG-20191017-WA0171-1000x486.jpg 1000w, https:\/\/ensfjsmo-sjn.infd.edu.ar\/sitio\/wp-content\/uploads\/2020\/03\/IMG-20191017-WA0171-768x373.jpg 768w, https:\/\/ensfjsmo-sjn.infd.edu.ar\/sitio\/wp-content\/uploads\/2020\/03\/IMG-20191017-WA0171.jpg 1280w\" sizes=\"(max-width: 1000px) 100vw, 1000px\" \/><\/p>\n<p><img decoding=\"async\" loading=\"lazy\" class=\"alignnone  wp-image-1170\" src=\"https:\/\/ensfjsmo-sjn.infd.edu.ar\/sitio\/wp-content\/uploads\/2020\/03\/IMG-20191018-WA0066-1000x750.jpg\" alt=\"\" width=\"819\" height=\"614\" srcset=\"https:\/\/ensfjsmo-sjn.infd.edu.ar\/sitio\/wp-content\/uploads\/2020\/03\/IMG-20191018-WA0066-1000x750.jpg 1000w, https:\/\/ensfjsmo-sjn.infd.edu.ar\/sitio\/wp-content\/uploads\/2020\/03\/IMG-20191018-WA0066-768x576.jpg 768w, https:\/\/ensfjsmo-sjn.infd.edu.ar\/sitio\/wp-content\/uploads\/2020\/03\/IMG-20191018-WA0066.jpg 1032w\" sizes=\"(max-width: 819px) 100vw, 819px\" \/><img decoding=\"async\" loading=\"lazy\" class=\"alignnone size-medium wp-image-1167\" src=\"https:\/\/ensfjsmo-sjn.infd.edu.ar\/sitio\/wp-content\/uploads\/2020\/03\/IMG-20191017-WA0212-1000x750.jpg\" alt=\"\" width=\"1000\" height=\"750\" srcset=\"https:\/\/ensfjsmo-sjn.infd.edu.ar\/sitio\/wp-content\/uploads\/2020\/03\/IMG-20191017-WA0212-1000x750.jpg 1000w, https:\/\/ensfjsmo-sjn.infd.edu.ar\/sitio\/wp-content\/uploads\/2020\/03\/IMG-20191017-WA0212-768x576.jpg 768w, https:\/\/ensfjsmo-sjn.infd.edu.ar\/sitio\/wp-content\/uploads\/2020\/03\/IMG-20191017-WA0212.jpg 1280w\" sizes=\"(max-width: 1000px) 100vw, 1000px\" \/><img decoding=\"async\" loading=\"lazy\" class=\"alignnone size-medium wp-image-1178\" src=\"https:\/\/ensfjsmo-sjn.infd.edu.ar\/sitio\/wp-content\/uploads\/2020\/03\/WhatsApp-Image-2019-10-29-at-20.08.52-1000x750.jpeg\" alt=\"\" width=\"1000\" height=\"750\" srcset=\"https:\/\/ensfjsmo-sjn.infd.edu.ar\/sitio\/wp-content\/uploads\/2020\/03\/WhatsApp-Image-2019-10-29-at-20.08.52-1000x750.jpeg 1000w, https:\/\/ensfjsmo-sjn.infd.edu.ar\/sitio\/wp-content\/uploads\/2020\/03\/WhatsApp-Image-2019-10-29-at-20.08.52-768x576.jpeg 768w, https:\/\/ensfjsmo-sjn.infd.edu.ar\/sitio\/wp-content\/uploads\/2020\/03\/WhatsApp-Image-2019-10-29-at-20.08.52.jpeg 1032w\" sizes=\"(max-width: 1000px) 100vw, 1000px\" \/><img decoding=\"async\" loading=\"lazy\" class=\"alignnone size-medium wp-image-1177\" src=\"https:\/\/ensfjsmo-sjn.infd.edu.ar\/sitio\/wp-content\/uploads\/2020\/03\/WhatsApp-Image-2019-10-29-at-08.28.18-1-1000x750.jpeg\" alt=\"\" width=\"1000\" height=\"750\" srcset=\"https:\/\/ensfjsmo-sjn.infd.edu.ar\/sitio\/wp-content\/uploads\/2020\/03\/WhatsApp-Image-2019-10-29-at-08.28.18-1-1000x750.jpeg 1000w, https:\/\/ensfjsmo-sjn.infd.edu.ar\/sitio\/wp-content\/uploads\/2020\/03\/WhatsApp-Image-2019-10-29-at-08.28.18-1-768x576.jpeg 768w, https:\/\/ensfjsmo-sjn.infd.edu.ar\/sitio\/wp-content\/uploads\/2020\/03\/WhatsApp-Image-2019-10-29-at-08.28.18-1.jpeg 1032w\" sizes=\"(max-width: 1000px) 100vw, 1000px\" \/><img decoding=\"async\" loading=\"lazy\" class=\"alignnone size-medium wp-image-1175\" src=\"https:\/\/ensfjsmo-sjn.infd.edu.ar\/sitio\/wp-content\/uploads\/2020\/03\/IMG-20191026-WA0025-1000x563.jpg\" alt=\"\" width=\"1000\" height=\"563\" srcset=\"https:\/\/ensfjsmo-sjn.infd.edu.ar\/sitio\/wp-content\/uploads\/2020\/03\/IMG-20191026-WA0025-1000x563.jpg 1000w, https:\/\/ensfjsmo-sjn.infd.edu.ar\/sitio\/wp-content\/uploads\/2020\/03\/IMG-20191026-WA0025-768x432.jpg 768w, https:\/\/ensfjsmo-sjn.infd.edu.ar\/sitio\/wp-content\/uploads\/2020\/03\/IMG-20191026-WA0025.jpg 1032w\" sizes=\"(max-width: 1000px) 100vw, 1000px\" \/><img decoding=\"async\" loading=\"lazy\" class=\"alignnone size-medium wp-image-1172\" src=\"https:\/\/ensfjsmo-sjn.infd.edu.ar\/sitio\/wp-content\/uploads\/2020\/03\/IMG-20191018-WA0104-563x1000.jpg\" alt=\"\" width=\"563\" height=\"1000\" srcset=\"https:\/\/ensfjsmo-sjn.infd.edu.ar\/sitio\/wp-content\/uploads\/2020\/03\/IMG-20191018-WA0104-563x1000.jpg 563w, https:\/\/ensfjsmo-sjn.infd.edu.ar\/sitio\/wp-content\/uploads\/2020\/03\/IMG-20191018-WA0104.jpg 720w\" sizes=\"(max-width: 563px) 100vw, 563px\" \/><img decoding=\"async\" loading=\"lazy\" class=\"alignnone size-medium wp-image-1175\" src=\"https:\/\/ensfjsmo-sjn.infd.edu.ar\/sitio\/wp-content\/uploads\/2020\/03\/IMG-20191026-WA0025-1000x563.jpg\" alt=\"\" width=\"1000\" height=\"563\" srcset=\"https:\/\/ensfjsmo-sjn.infd.edu.ar\/sitio\/wp-content\/uploads\/2020\/03\/IMG-20191026-WA0025-1000x563.jpg 1000w, https:\/\/ensfjsmo-sjn.infd.edu.ar\/sitio\/wp-content\/uploads\/2020\/03\/IMG-20191026-WA0025-768x432.jpg 768w, https:\/\/ensfjsmo-sjn.infd.edu.ar\/sitio\/wp-content\/uploads\/2020\/03\/IMG-20191026-WA0025.jpg 1032w\" sizes=\"(max-width: 1000px) 100vw, 1000px\" \/><img decoding=\"async\" loading=\"lazy\" class=\"alignnone size-medium wp-image-1169\" src=\"https:\/\/ensfjsmo-sjn.infd.edu.ar\/sitio\/wp-content\/uploads\/2020\/03\/IMG-20191017-WA0229-1000x563.jpg\" alt=\"\" width=\"1000\" height=\"563\" srcset=\"https:\/\/ensfjsmo-sjn.infd.edu.ar\/sitio\/wp-content\/uploads\/2020\/03\/IMG-20191017-WA0229-1000x563.jpg 1000w, https:\/\/ensfjsmo-sjn.infd.edu.ar\/sitio\/wp-content\/uploads\/2020\/03\/IMG-20191017-WA0229-768x432.jpg 768w, https:\/\/ensfjsmo-sjn.infd.edu.ar\/sitio\/wp-content\/uploads\/2020\/03\/IMG-20191017-WA0229.jpg 1280w\" sizes=\"(max-width: 1000px) 100vw, 1000px\" \/><img decoding=\"async\" loading=\"lazy\" class=\"alignnone size-medium wp-image-1165\" src=\"https:\/\/ensfjsmo-sjn.infd.edu.ar\/sitio\/wp-content\/uploads\/2020\/03\/IMG-20191017-WA0189-1000x563.jpg\" alt=\"\" width=\"1000\" height=\"563\" srcset=\"https:\/\/ensfjsmo-sjn.infd.edu.ar\/sitio\/wp-content\/uploads\/2020\/03\/IMG-20191017-WA0189-1000x563.jpg 1000w, https:\/\/ensfjsmo-sjn.infd.edu.ar\/sitio\/wp-content\/uploads\/2020\/03\/IMG-20191017-WA0189-768x432.jpg 768w, https:\/\/ensfjsmo-sjn.infd.edu.ar\/sitio\/wp-content\/uploads\/2020\/03\/IMG-20191017-WA0189.jpg 1032w\" sizes=\"(max-width: 1000px) 100vw, 1000px\" \/><\/p>\n<p><img decoding=\"async\" loading=\"lazy\" class=\"alignnone size-medium wp-image-1164\" src=\"https:\/\/ensfjsmo-sjn.infd.edu.ar\/sitio\/wp-content\/uploads\/2020\/03\/IMG-20191017-WA0171-1000x486.jpg\" alt=\"\" width=\"1000\" height=\"486\" srcset=\"https:\/\/ensfjsmo-sjn.infd.edu.ar\/sitio\/wp-content\/uploads\/2020\/03\/IMG-20191017-WA0171-1000x486.jpg 1000w, https:\/\/ensfjsmo-sjn.infd.edu.ar\/sitio\/wp-content\/uploads\/2020\/03\/IMG-20191017-WA0171-768x373.jpg 768w, https:\/\/ensfjsmo-sjn.infd.edu.ar\/sitio\/wp-content\/uploads\/2020\/03\/IMG-20191017-WA0171.jpg 1280w\" sizes=\"(max-width: 1000px) 100vw, 1000px\" \/> <img decoding=\"async\" loading=\"lazy\" class=\"alignnone size-medium wp-image-1162\" src=\"https:\/\/ensfjsmo-sjn.infd.edu.ar\/sitio\/wp-content\/uploads\/2020\/03\/IMG-20191017-WA0142-1000x563.jpg\" alt=\"\" width=\"1000\" height=\"563\" srcset=\"https:\/\/ensfjsmo-sjn.infd.edu.ar\/sitio\/wp-content\/uploads\/2020\/03\/IMG-20191017-WA0142-1000x563.jpg 1000w, https:\/\/ensfjsmo-sjn.infd.edu.ar\/sitio\/wp-content\/uploads\/2020\/03\/IMG-20191017-WA0142-768x432.jpg 768w, https:\/\/ensfjsmo-sjn.infd.edu.ar\/sitio\/wp-content\/uploads\/2020\/03\/IMG-20191017-WA0142.jpg 1032w\" sizes=\"(max-width: 1000px) 100vw, 1000px\" \/><\/p>\n<p>&nbsp;<\/p>\n","protected":false},"excerpt":{"rendered":"<p>16 y 17 de octubre. V Feria del Libro La Escuela Normal se llen\u00f3 de m\u00fasica, literatura, pl\u00e1stica, t\u00edteres, actuaci\u00f3n. Adultos y ni\u00f1os de todas las edades visitaron nuestras muestras y los distintos talleres: cuenta cuentos, versos divertidos, relat\u00f3metros, buffet literario, abuela cuenta cuentos, juegos matem\u00e1ticos, ciencias naturales, educaci\u00f3n sexual integral, inclusi\u00f3n, aulas heterog\u00e9neas, pr\u00e1ctica &#8230; <a title=\"Feria del libro 2019\" class=\"read-more\" href=\"https:\/\/ensfjsmo-sjn.infd.edu.ar\/sitio\/feria-del-libro\/feria-del-libro-2019\/\" aria-label=\"More on Feria del libro 2019\">[+]<\/a><\/p>\n","protected":false},"author":100,"featured_media":0,"parent":915,"menu_order":2,"comment_status":"closed","ping_status":"closed","template":"","meta":[],"acf":[],"_links":{"self":[{"href":"https:\/\/ensfjsmo-sjn.infd.edu.ar\/sitio\/wp-json\/wp\/v2\/pages\/1161"}],"collection":[{"href":"https:\/\/ensfjsmo-sjn.infd.edu.ar\/sitio\/wp-json\/wp\/v2\/pages"}],"about":[{"href":"https:\/\/ensfjsmo-sjn.infd.edu.ar\/sitio\/wp-json\/wp\/v2\/types\/page"}],"author":[{"embeddable":true,"href":"https:\/\/ensfjsmo-sjn.infd.edu.ar\/sitio\/wp-json\/wp\/v2\/users\/100"}],"replies":[{"embeddable":true,"href":"https:\/\/ensfjsmo-sjn.infd.edu.ar\/sitio\/wp-json\/wp\/v2\/comments?post=1161"}],"version-history":[{"count":1,"href":"https:\/\/ensfjsmo-sjn.infd.edu.ar\/sitio\/wp-json\/wp\/v2\/pages\/1161\/revisions"}],"predecessor-version":[{"id":1179,"href":"https:\/\/ensfjsmo-sjn.infd.edu.ar\/sitio\/wp-json\/wp\/v2\/pages\/1161\/revisions\/1179"}],"up":[{"embeddable":true,"href":"https:\/\/ensfjsmo-sjn.infd.edu.ar\/sitio\/wp-json\/wp\/v2\/pages\/915"}],"wp:attachment":[{"href":"https:\/\/ensfjsmo-sjn.infd.edu.ar\/sitio\/wp-json\/wp\/v2\/media?parent=1161"}],"curies":[{"name":"wp","href":"https:\/\/api.w.org\/{rel}","templated":true}]}}