{"id":1219,"date":"2020-04-01T10:13:25","date_gmt":"2020-04-01T13:13:25","guid":{"rendered":"https:\/\/ensfjsmo-sjn.infd.edu.ar\/sitio\/?page_id=1219"},"modified":"2020-04-01T10:13:25","modified_gmt":"2020-04-01T13:13:25","slug":"proyectos-institucionales-2020","status":"publish","type":"page","link":"https:\/\/ensfjsmo-sjn.infd.edu.ar\/sitio\/proyectos-institucionales-2020\/","title":{"rendered":"Proyectos Institucionales 2020"},"content":{"rendered":"<p><b>\u00a0 PROYECTOS INSTITUCIONALES<\/b><\/p>\n<p>Cada a\u00f1o asumimos nuevos desaf\u00edos, como instituci\u00f3n buscamos enriquecer la formaci\u00f3n con experiencias que implique en trabajo con la comunidad educativa de nuestra instituci\u00f3n que abarca cuatro niveles, con escuelas asociadas y con la comunidad de J\u00e1chal.<\/p>\n<p>El trabajo se construye en gran parte, con las horas institucionales que dispone el nivel superior, tiempo en que los equipos docentes junto a alumnos, construyen propuestas y ejecutan acciones tendientes a enriquecer la trayectoria de nuestros estudiantes, futuros docentes.<\/p>\n<p><img decoding=\"async\" loading=\"lazy\" class=\"size-full wp-image-1220 aligncenter\" src=\"https:\/\/ensfjsmo-sjn.infd.edu.ar\/sitio\/wp-content\/uploads\/2020\/04\/descarga.jpg\" alt=\"\" width=\"186\" height=\"186\" \/><\/p>\n<p>Este a\u00f1o se est\u00e1 trabajando en tres proyectos, en algunos casos se buscan acciones articuladas que favorezcan el desarrollo de los mismos. Los proyectos son los siguientes:<\/p>\n<p>-Feria del libro<\/p>\n<p>-Proyecto \u201cLa escuela me ense\u00f1a y me cuida\u201d<\/p>\n<p>-Proyecto \u201cPr\u00e1cticas ambientales sustentables\u201d (este proyecto ha sido elaborado por el Nivel Secundario y compartido al nivel Superior para sumarse en sus acciones).<\/p>\n","protected":false},"excerpt":{"rendered":"<p>\u00a0 PROYECTOS INSTITUCIONALES Cada a\u00f1o asumimos nuevos desaf\u00edos, como instituci\u00f3n buscamos enriquecer la formaci\u00f3n con experiencias que implique en trabajo con la comunidad educativa de nuestra instituci\u00f3n que abarca cuatro niveles, con escuelas asociadas y con la comunidad de J\u00e1chal. El trabajo se construye en gran parte, con las horas institucionales que dispone el nivel &#8230; <a title=\"Proyectos Institucionales 2020\" class=\"read-more\" href=\"https:\/\/ensfjsmo-sjn.infd.edu.ar\/sitio\/proyectos-institucionales-2020\/\" aria-label=\"More on Proyectos Institucionales 2020\">[+]<\/a><\/p>\n","protected":false},"author":100,"featured_media":0,"parent":0,"menu_order":0,"comment_status":"closed","ping_status":"closed","template":"","meta":[],"acf":[],"_links":{"self":[{"href":"https:\/\/ensfjsmo-sjn.infd.edu.ar\/sitio\/wp-json\/wp\/v2\/pages\/1219"}],"collection":[{"href":"https:\/\/ensfjsmo-sjn.infd.edu.ar\/sitio\/wp-json\/wp\/v2\/pages"}],"about":[{"href":"https:\/\/ensfjsmo-sjn.infd.edu.ar\/sitio\/wp-json\/wp\/v2\/types\/page"}],"author":[{"embeddable":true,"href":"https:\/\/ensfjsmo-sjn.infd.edu.ar\/sitio\/wp-json\/wp\/v2\/users\/100"}],"replies":[{"embeddable":true,"href":"https:\/\/ensfjsmo-sjn.infd.edu.ar\/sitio\/wp-json\/wp\/v2\/comments?post=1219"}],"version-history":[{"count":1,"href":"https:\/\/ensfjsmo-sjn.infd.edu.ar\/sitio\/wp-json\/wp\/v2\/pages\/1219\/revisions"}],"predecessor-version":[{"id":1221,"href":"https:\/\/ensfjsmo-sjn.infd.edu.ar\/sitio\/wp-json\/wp\/v2\/pages\/1219\/revisions\/1221"}],"wp:attachment":[{"href":"https:\/\/ensfjsmo-sjn.infd.edu.ar\/sitio\/wp-json\/wp\/v2\/media?parent=1219"}],"curies":[{"name":"wp","href":"https:\/\/api.w.org\/{rel}","templated":true}]}}