{"id":1224,"date":"2020-04-01T11:12:37","date_gmt":"2020-04-01T14:12:37","guid":{"rendered":"https:\/\/ensfjsmo-sjn.infd.edu.ar\/sitio\/?page_id=1224"},"modified":"2020-04-01T11:12:37","modified_gmt":"2020-04-01T14:12:37","slug":"charla-mejor-si-hablar-de-ciertas-cosas-a-cargo-de-cecoif","status":"publish","type":"page","link":"https:\/\/ensfjsmo-sjn.infd.edu.ar\/sitio\/charla-mejor-si-hablar-de-ciertas-cosas-a-cargo-de-cecoif\/","title":{"rendered":"Charla \u00abMejor S\u00ed hablar de ciertas cosas\u00bb a cargo de CECOIF"},"content":{"rendered":"<h2><strong>Charla \u00abMejor S\u00ed hablar de ciertas cosas\u00bb a cargo de CECOIF<\/strong><\/h2>\n<p>El d\u00eda viernes 21 de febrero del 2020 se llevo a cabo la charla \u00abMEJOR SI HABLAR DE CIERTAS COSAS\u00bb a cargo del \u00e1rea adicciones CECOIF con la participaci\u00f3n del \u00c1rea ni\u00f1ez y \u00c1rea Mujer destinado a docentes de Nivel Medio y Superior de la Escuela Normal Superior Fray Justo Santa Mar\u00eda de Oro.<\/p>\n<p>Esta charla, ofrecida desde CECOIF, se enmarca dentro de las acciones pensadas para el Proyecto institucional \u00abLa Escuela me ense\u00f1a y me cuida\u00bbdonde buscamos como instituci\u00f3n a trav\u00e9s de la capacitaci\u00f3n, la informaci\u00f3n y la acci\u00f3n trabajar con nuestros estudiantes estrategias que favorezcan conductas saludables, que promuevan el autocuidado, el valor y respeto por la vida.<\/p>\n<p>Recibir aportes de profesionales de nuestra comunidad que conocen la realidad que atraviesa nuestro\u00a0 departamento result\u00f3 muy enriquecedor para los docentes que tuvieron la oportunidad de realizar sus consultas y aportar experiencias en una charla horizontal y fluida con el equipo de CECOIF.<\/p>\n<p>La charla estuvo a cargo de las profesionales:<\/p>\n<p>\u00c1rea adicciones: Lic. Lisa Ortega (psic\u00f3loga) y Lic. J\u00e9sica Rivadero (trabajadora Social).<\/p>\n<p>\u00c1rea Mujer: Lic. Laura Garc\u00eda (psic\u00f3loga), Lic. Florencia Flores (trabajadora Social), Dra. Ana Laura L\u00f3pez (abogada) y Mat\u00edas Barboza (operador t\u00e9cnico).<\/p>\n<p>\u00c1rea Ni\u00f1ez: Lic. Mar\u00eda Eugenia Torres (psic\u00f3loga), Lic. Erica Santana (trabajadora Social) y Lic. Alejandra Mu\u00f1oz (trabajadora Social).<\/p>\n<p>Coordinadora: Eliana Gordillo<\/p>\n<p>Administrativa: Soledad R\u00edos<\/p>\n<p>Agradecemos al equipo de CECOIF por su desinteresada predisposici\u00f3n y por sus valiosos aportes frente a las diferentes problem\u00e1ticas que atraviesan a las familias, a\u00a0 comunidad e indefectiblemente a las instituciones educativas donde los directivos y docentes se ven desafiados por realidades complejas y preocupados por el bienestar de los estudiantes.<\/p>\n<p>&nbsp;<\/p>\n<p>&nbsp;<\/p>\n<p><img decoding=\"async\" loading=\"lazy\" class=\"alignnone size-full wp-image-1225\" src=\"https:\/\/ensfjsmo-sjn.infd.edu.ar\/sitio\/wp-content\/uploads\/2020\/04\/88175395_211213596916466_5946265681669390336_n.jpg\" alt=\"\" width=\"960\" height=\"720\" srcset=\"https:\/\/ensfjsmo-sjn.infd.edu.ar\/sitio\/wp-content\/uploads\/2020\/04\/88175395_211213596916466_5946265681669390336_n.jpg 960w, https:\/\/ensfjsmo-sjn.infd.edu.ar\/sitio\/wp-content\/uploads\/2020\/04\/88175395_211213596916466_5946265681669390336_n-768x576.jpg 768w\" sizes=\"(max-width: 960px) 100vw, 960px\" \/> <img decoding=\"async\" loading=\"lazy\" class=\"alignnone size-medium wp-image-1226\" src=\"https:\/\/ensfjsmo-sjn.infd.edu.ar\/sitio\/wp-content\/uploads\/2020\/04\/89001365_211213623583130_2311456909426688_n.jpg\" alt=\"\" width=\"960\" height=\"720\" srcset=\"https:\/\/ensfjsmo-sjn.infd.edu.ar\/sitio\/wp-content\/uploads\/2020\/04\/89001365_211213623583130_2311456909426688_n.jpg 960w, https:\/\/ensfjsmo-sjn.infd.edu.ar\/sitio\/wp-content\/uploads\/2020\/04\/89001365_211213623583130_2311456909426688_n-768x576.jpg 768w\" sizes=\"(max-width: 960px) 100vw, 960px\" \/> <img decoding=\"async\" loading=\"lazy\" class=\"alignnone size-medium wp-image-1227\" src=\"https:\/\/ensfjsmo-sjn.infd.edu.ar\/sitio\/wp-content\/uploads\/2020\/04\/IMG_20200221_102604820-1000x750.jpg\" alt=\"\" width=\"1000\" height=\"750\" srcset=\"https:\/\/ensfjsmo-sjn.infd.edu.ar\/sitio\/wp-content\/uploads\/2020\/04\/IMG_20200221_102604820-1000x750.jpg 1000w, https:\/\/ensfjsmo-sjn.infd.edu.ar\/sitio\/wp-content\/uploads\/2020\/04\/IMG_20200221_102604820-768x576.jpg 768w, https:\/\/ensfjsmo-sjn.infd.edu.ar\/sitio\/wp-content\/uploads\/2020\/04\/IMG_20200221_102604820-1900x1425.jpg 1900w\" sizes=\"(max-width: 1000px) 100vw, 1000px\" \/> <img decoding=\"async\" loading=\"lazy\" class=\"alignnone size-medium wp-image-1228\" src=\"https:\/\/ensfjsmo-sjn.infd.edu.ar\/sitio\/wp-content\/uploads\/2020\/04\/IMG_20200221_104328695-1000x750.jpg\" alt=\"\" width=\"1000\" height=\"750\" srcset=\"https:\/\/ensfjsmo-sjn.infd.edu.ar\/sitio\/wp-content\/uploads\/2020\/04\/IMG_20200221_104328695-1000x750.jpg 1000w, https:\/\/ensfjsmo-sjn.infd.edu.ar\/sitio\/wp-content\/uploads\/2020\/04\/IMG_20200221_104328695-768x576.jpg 768w, https:\/\/ensfjsmo-sjn.infd.edu.ar\/sitio\/wp-content\/uploads\/2020\/04\/IMG_20200221_104328695-1900x1425.jpg 1900w\" sizes=\"(max-width: 1000px) 100vw, 1000px\" \/><\/p>\n","protected":false},"excerpt":{"rendered":"<p>Charla \u00abMejor S\u00ed hablar de ciertas cosas\u00bb a cargo de CECOIF El d\u00eda viernes 21 de febrero del 2020 se llevo a cabo la charla \u00abMEJOR SI HABLAR DE CIERTAS COSAS\u00bb a cargo del \u00e1rea adicciones CECOIF con la participaci\u00f3n del \u00c1rea ni\u00f1ez y \u00c1rea Mujer destinado a docentes de Nivel Medio y Superior de &#8230; <a title=\"Charla \u00abMejor S\u00ed hablar de ciertas cosas\u00bb a cargo de CECOIF\" class=\"read-more\" href=\"https:\/\/ensfjsmo-sjn.infd.edu.ar\/sitio\/charla-mejor-si-hablar-de-ciertas-cosas-a-cargo-de-cecoif\/\" aria-label=\"More on Charla \u00abMejor S\u00ed hablar de ciertas cosas\u00bb a cargo de CECOIF\">[+]<\/a><\/p>\n","protected":false},"author":100,"featured_media":0,"parent":0,"menu_order":0,"comment_status":"closed","ping_status":"closed","template":"","meta":[],"acf":[],"_links":{"self":[{"href":"https:\/\/ensfjsmo-sjn.infd.edu.ar\/sitio\/wp-json\/wp\/v2\/pages\/1224"}],"collection":[{"href":"https:\/\/ensfjsmo-sjn.infd.edu.ar\/sitio\/wp-json\/wp\/v2\/pages"}],"about":[{"href":"https:\/\/ensfjsmo-sjn.infd.edu.ar\/sitio\/wp-json\/wp\/v2\/types\/page"}],"author":[{"embeddable":true,"href":"https:\/\/ensfjsmo-sjn.infd.edu.ar\/sitio\/wp-json\/wp\/v2\/users\/100"}],"replies":[{"embeddable":true,"href":"https:\/\/ensfjsmo-sjn.infd.edu.ar\/sitio\/wp-json\/wp\/v2\/comments?post=1224"}],"version-history":[{"count":1,"href":"https:\/\/ensfjsmo-sjn.infd.edu.ar\/sitio\/wp-json\/wp\/v2\/pages\/1224\/revisions"}],"predecessor-version":[{"id":1230,"href":"https:\/\/ensfjsmo-sjn.infd.edu.ar\/sitio\/wp-json\/wp\/v2\/pages\/1224\/revisions\/1230"}],"wp:attachment":[{"href":"https:\/\/ensfjsmo-sjn.infd.edu.ar\/sitio\/wp-json\/wp\/v2\/media?parent=1224"}],"curies":[{"name":"wp","href":"https:\/\/api.w.org\/{rel}","templated":true}]}}