{"id":1414,"date":"2020-05-11T12:04:56","date_gmt":"2020-05-11T15:04:56","guid":{"rendered":"https:\/\/ensfjsmo-sjn.infd.edu.ar\/sitio\/?page_id=1414"},"modified":"2020-05-11T12:04:56","modified_gmt":"2020-05-11T15:04:56","slug":"acuerdos-institucionales-de-clase-y-uso-de-wathsapp","status":"publish","type":"page","link":"https:\/\/ensfjsmo-sjn.infd.edu.ar\/sitio\/acuerdos-institucionales-de-clase-y-uso-de-wathsapp\/","title":{"rendered":"Acuerdos institucionales de clase y uso de wathsapp"},"content":{"rendered":"<p><strong>Acuerdos institucionales de clase y uso de wathsapp<\/strong><\/p>\n<p>Dado que iniciamos un cuatrimestre muy inusual, en un contexto de pandemia y aislamiento social, es que necesitamos algunos instrumentos para favorecer la comunicaci\u00f3n y la convivencia en la nueva modalidad de trabajo que estamos aplicando para transitar las unidades curriculares del primer cuatrimestre.<\/p>\n<p><img decoding=\"async\" loading=\"lazy\" class=\"size-full wp-image-1416 aligncenter\" src=\"https:\/\/ensfjsmo-sjn.infd.edu.ar\/sitio\/wp-content\/uploads\/2020\/05\/netiqueta.jpg\" alt=\"\" width=\"320\" height=\"177\" \/><\/p>\n<p>Por ello, se elabor\u00f3 y pas\u00f3 por el Consejo Acad\u00e9mico el siguiente documento: \u00abAcuerdos Institucionales de clase y uso de wathsapp\u00bb. En el mismo se establecen algunos criterios tanto para docentes como para estudiantes que buscan contribuir y reglamentar la din\u00e1mica de clases por estos medios virtuales de comunicaci\u00f3n para facilitar los intercambios y buscar una buena convivencia entre docentes y alumnos.<\/p>\n<p><a href=\"https:\/\/ensfjsmo-sjn.infd.edu.ar\/sitio\/wp-content\/uploads\/2020\/05\/Acuerdos-institucionales-de-clase-y-uso-de-wathsapp.pdf\">Acuerdos institucionales de clase y uso de wathsapp<\/a><\/p>\n","protected":false},"excerpt":{"rendered":"<p>Acuerdos institucionales de clase y uso de wathsapp Dado que iniciamos un cuatrimestre muy inusual, en un contexto de pandemia y aislamiento social, es que necesitamos algunos instrumentos para favorecer la comunicaci\u00f3n y la convivencia en la nueva modalidad de trabajo que estamos aplicando para transitar las unidades curriculares del primer cuatrimestre. Por ello, se &#8230; <a title=\"Acuerdos institucionales de clase y uso de wathsapp\" class=\"read-more\" href=\"https:\/\/ensfjsmo-sjn.infd.edu.ar\/sitio\/acuerdos-institucionales-de-clase-y-uso-de-wathsapp\/\" aria-label=\"More on Acuerdos institucionales de clase y uso de wathsapp\">[+]<\/a><\/p>\n","protected":false},"author":100,"featured_media":0,"parent":0,"menu_order":0,"comment_status":"closed","ping_status":"closed","template":"","meta":[],"acf":[],"_links":{"self":[{"href":"https:\/\/ensfjsmo-sjn.infd.edu.ar\/sitio\/wp-json\/wp\/v2\/pages\/1414"}],"collection":[{"href":"https:\/\/ensfjsmo-sjn.infd.edu.ar\/sitio\/wp-json\/wp\/v2\/pages"}],"about":[{"href":"https:\/\/ensfjsmo-sjn.infd.edu.ar\/sitio\/wp-json\/wp\/v2\/types\/page"}],"author":[{"embeddable":true,"href":"https:\/\/ensfjsmo-sjn.infd.edu.ar\/sitio\/wp-json\/wp\/v2\/users\/100"}],"replies":[{"embeddable":true,"href":"https:\/\/ensfjsmo-sjn.infd.edu.ar\/sitio\/wp-json\/wp\/v2\/comments?post=1414"}],"version-history":[{"count":1,"href":"https:\/\/ensfjsmo-sjn.infd.edu.ar\/sitio\/wp-json\/wp\/v2\/pages\/1414\/revisions"}],"predecessor-version":[{"id":1417,"href":"https:\/\/ensfjsmo-sjn.infd.edu.ar\/sitio\/wp-json\/wp\/v2\/pages\/1414\/revisions\/1417"}],"wp:attachment":[{"href":"https:\/\/ensfjsmo-sjn.infd.edu.ar\/sitio\/wp-json\/wp\/v2\/media?parent=1414"}],"curies":[{"name":"wp","href":"https:\/\/api.w.org\/{rel}","templated":true}]}}