{"id":1668,"date":"2020-11-27T11:48:07","date_gmt":"2020-11-27T14:48:07","guid":{"rendered":"https:\/\/ensfjsmo-sjn.infd.edu.ar\/sitio\/?page_id=1668"},"modified":"2022-10-13T14:34:10","modified_gmt":"2022-10-13T17:34:10","slug":"interinatos-y-suplencias-2021","status":"publish","type":"page","link":"https:\/\/ensfjsmo-sjn.infd.edu.ar\/sitio\/informacion-para-docentes\/interinatos-y-suplencias-2021\/","title":{"rendered":"Interinatos y Suplencias 2023"},"content":{"rendered":"<h2><em><strong>Interinatos y Suplencias 2023:<\/strong><\/em><\/h2>\n<p>Se informa a todos los interesados en registrar su inscripci\u00f3n para interinatos y suplencias 2023 a las unidades curriculares correspondientes a las carreras de Profesorado de Educaci\u00f3n Primaria y de Educaci\u00f3n Inicial que podr\u00e1n efectivizar dicha inscripci\u00f3n de manera presencial a partir del d\u00eda 17 hasta el 31 de octubre por secretar\u00eda de la Escuela Normal en horario de 8 a 12hs. Conoc\u00e9 el cronograma y consult\u00e1 los perfiles para inscribirte.\u00a0<\/p>\n<p><strong>CRONOGRAMA DE INSCRIPCION ANUAL Y RECEPCION DE ANTECEDENTES PARA LA COBERTURA DE HORAS CATEDRA Y\/O CARGOS EN LAS CARRERAS DE FORMACION DOCENTE DEL NIVEL SUPERIOR. 2023<\/strong><\/p>\n<table style=\"height: 1199px;\" width=\"892\">\n<tbody>\n<tr>\n<td width=\"49%\">\n<p>Inscripci\u00f3n, recepci\u00f3n de carpetas de antecedentes<\/p>\n<\/td>\n<td width=\"24%\">\n<p>17 al 31\/10<\/p>\n<p>por secretaria<\/p>\n<p>de 8 a 12hs<\/p>\n<\/td>\n<td width=\"26%\">\n<p>\u00a0<\/p>\n<\/td>\n<\/tr>\n<tr>\n<td width=\"49%\">\n<p>Valoraci\u00f3n de antecedentes y aprobaci\u00f3n de Actas por CA<\/p>\n<p>\u00a0<\/p>\n<\/td>\n<td width=\"24%\">\n<p>2\/11 al 16\/12\/2022<\/p>\n<\/td>\n<td width=\"26%\">\n<p>\u00a0<\/p>\n<\/td>\n<\/tr>\n<tr>\n<td width=\"49%\">\n<p>misi\u00f3n de listado y notificaci\u00f3n de puntajes<\/p>\n<p>\u00a0<\/p>\n<\/td>\n<td width=\"24%\">\n<p>19\/12\/2022<\/p>\n<\/td>\n<td width=\"26%\">\n<p>\u00a0<\/p>\n<\/td>\n<\/tr>\n<tr>\n<td width=\"49%\">\n<p>Notificaci\u00f3n y presentaci\u00f3n de instrumento de reconsideraci\u00f3n del puntaje<\/p>\n<\/td>\n<td width=\"24%\">\n<p>19 y 20\/12\/2022<\/p>\n<\/td>\n<td width=\"26%\">\n<p>Este puntaje es <strong>provisorio<\/strong> ya que puede variar a partir de la presentaci\u00f3n de recursos de apelaci\u00f3n y reconsideraci\u00f3n<\/p>\n<\/td>\n<\/tr>\n<tr>\n<td width=\"49%\">\n<p>Resoluci\u00f3n de reconsideraci\u00f3n<\/p>\n<\/td>\n<td width=\"24%\">\n<p>23 y 24\/02\/2023<\/p>\n<p>\u00a0<\/p>\n<\/td>\n<td width=\"26%\">\n<p>\u00a0<\/p>\n<\/td>\n<\/tr>\n<tr>\n<td width=\"49%\">\n<p>Notificaci\u00f3n y apelaci\u00f3n<\/p>\n<\/td>\n<td width=\"24%\">\n<p>27 y 28\/02\/2023<\/p>\n<p>\u00a0<\/p>\n<\/td>\n<td width=\"26%\">\n<p>\u00a0<\/p>\n<\/td>\n<\/tr>\n<tr>\n<td width=\"49%\">\n<p>Resoluci\u00f3n de apelaci\u00f3n<\/p>\n<\/td>\n<td width=\"24%\">\n<p>01 y 02\/03\/2023<\/p>\n<p>\u00a0<\/p>\n<\/td>\n<td width=\"26%\">\n<p>\u00a0<\/p>\n<\/td>\n<\/tr>\n<tr>\n<td width=\"49%\">\n<p><strong>Notificaci\u00f3n de puntaje definitivo<\/strong><\/p>\n<\/td>\n<td width=\"24%\">\n<p>06 al 08\/03\/2023<\/p>\n<p>\u00a0<\/p>\n<\/td>\n<td width=\"26%\">\n<p>El aspirante debe asistir a notificarse en estas fechas y firmar la notificaci\u00f3n del puntaje.<\/p>\n<\/td>\n<\/tr>\n<tr>\n<td width=\"49%\">\n<p>Presentaci\u00f3n listado a la DES<\/p>\n<p>\u00a0<\/p>\n<\/td>\n<td width=\"24%\">\n<p>10\/03\/2023<\/p>\n<\/td>\n<td width=\"26%\">\n<p>\u00a0<\/p>\n<\/td>\n<\/tr>\n<\/tbody>\n<\/table>\n<ul>\n<li>Los docentes interesados, deben tener en cuenta lo siguiente: (se mantienen perfiles y valorador a\u00f1o 2022)<\/li>\n<\/ul>\n\n\n<div class=\"wp-block-file\"><a href=\"https:\/\/ensfjsmo-sjn.infd.edu.ar\/sitio\/wp-content\/uploads\/2021\/10\/Consideraciones-Generales-PEP-PEI-2022.pdf\">Consideraciones-Generales-PEP-PEI-2022<\/a><a href=\"https:\/\/ensfjsmo-sjn.infd.edu.ar\/sitio\/wp-content\/uploads\/2021\/10\/Consideraciones-Generales-PEP-PEI-2022.pdf\" class=\"wp-block-file__button\" download>Descarga<\/a><\/div>\n\n\n\n<div class=\"wp-block-file\"><a href=\"https:\/\/ensfjsmo-sjn.infd.edu.ar\/sitio\/wp-content\/uploads\/2021\/10\/Perfiles-Profesionales-PEI-2022.pdf\">Perfiles-Profesionales-PEI-2022<\/a><a href=\"https:\/\/ensfjsmo-sjn.infd.edu.ar\/sitio\/wp-content\/uploads\/2021\/10\/Perfiles-Profesionales-PEI-2022.pdf\" class=\"wp-block-file__button\" download>Descarga<\/a><\/div>\n\n\n\n<div class=\"wp-block-file\"><a href=\"https:\/\/ensfjsmo-sjn.infd.edu.ar\/sitio\/wp-content\/uploads\/2021\/10\/Perfiles-Profesionales-PEP-2022.pdf\">Perfiles-Profesionales-PEP-2022<\/a><a href=\"https:\/\/ensfjsmo-sjn.infd.edu.ar\/sitio\/wp-content\/uploads\/2021\/10\/Perfiles-Profesionales-PEP-2022.pdf\" class=\"wp-block-file__button\" download>Descarga<\/a><\/div>\n\n\n\n<div class=\"wp-block-file\"><a href=\"https:\/\/ensfjsmo-sjn.infd.edu.ar\/sitio\/wp-content\/uploads\/2021\/10\/Perfiles-Profesionales-Bibliotecario-y-Bedeles.pdf\">Perfiles-Profesionales-Bibliotecario-y-Bedeles<\/a><a href=\"https:\/\/ensfjsmo-sjn.infd.edu.ar\/sitio\/wp-content\/uploads\/2021\/10\/Perfiles-Profesionales-Bibliotecario-y-Bedeles.pdf\" class=\"wp-block-file__button\" download>Descarga<\/a><\/div>\n\n\n\n<div class=\"wp-block-file\"><a href=\"https:\/\/ensfjsmo-sjn.infd.edu.ar\/sitio\/wp-content\/uploads\/2021\/10\/Planilla-de-Inscripcion-PEP-PEI-2022.pdf\">Planilla-de-Inscripcion-PEP-PEI-2022<\/a><a href=\"https:\/\/ensfjsmo-sjn.infd.edu.ar\/sitio\/wp-content\/uploads\/2021\/10\/Planilla-de-Inscripcion-PEP-PEI-2022.pdf\" class=\"wp-block-file__button\" download>Descarga<\/a><\/div>\n\n\n\n<div class=\"wp-block-file\"><a href=\"https:\/\/ensfjsmo-sjn.infd.edu.ar\/sitio\/wp-content\/uploads\/2021\/10\/Valorador-de-Antecedentes-PEP-Y-PEI-2022.pdf\">Valorador-de-Antecedentes-PEP-Y-PEI-2022<\/a><a href=\"https:\/\/ensfjsmo-sjn.infd.edu.ar\/sitio\/wp-content\/uploads\/2021\/10\/Valorador-de-Antecedentes-PEP-Y-PEI-2022.pdf\" class=\"wp-block-file__button\" download>Descarga<\/a><\/div>\n\n\n\n<p><\/p>\n\n\n\n<p>En el siguiente video se ofrecen algunas recomendaciones respecto a la forma correcta de organizar la carpeta y ordenar la documentaci\u00f3n, informaci\u00f3n que tambi\u00e9n se puede encontrar en las consideraciones generales. Si la carpeta no cumple con dichos requisitos no ser\u00e1 valorada por los jurados. <\/p>\n\n\n\n<figure class=\"wp-block-embed is-type-video is-provider-youtube wp-block-embed-youtube wp-embed-aspect-4-3 wp-has-aspect-ratio\"><div class=\"wp-block-embed__wrapper\">\n<iframe loading=\"lazy\" title=\"ISFD Interinatos y suplencias 2022\" width=\"1200\" height=\"900\" src=\"https:\/\/www.youtube.com\/embed\/rdJafWBoMq4?feature=oembed\" frameborder=\"0\" allow=\"accelerometer; autoplay; clipboard-write; encrypted-media; gyroscope; picture-in-picture\" allowfullscreen><\/iframe>\n<\/div><\/figure>\n\n\n\n<p>Cualquier duda puede acercarse por la instituci\u00f3n y consultar a Regencia o Jefatura de Grado. <\/p>\n","protected":false},"excerpt":{"rendered":"<p>Interinatos y Suplencias 2023: Se informa a todos los interesados en registrar su inscripci\u00f3n para interinatos y suplencias 2023 a las unidades curriculares correspondientes a las carreras de Profesorado de Educaci\u00f3n Primaria y de Educaci\u00f3n Inicial que podr\u00e1n efectivizar dicha inscripci\u00f3n de manera presencial a partir del d\u00eda 17 hasta el 31 de octubre por &#8230; <a title=\"Interinatos y Suplencias 2023\" class=\"read-more\" href=\"https:\/\/ensfjsmo-sjn.infd.edu.ar\/sitio\/informacion-para-docentes\/interinatos-y-suplencias-2021\/\" aria-label=\"More on Interinatos y Suplencias 2023\">[+]<\/a><\/p>\n","protected":false},"author":78,"featured_media":0,"parent":876,"menu_order":1,"comment_status":"closed","ping_status":"closed","template":"","meta":[],"acf":[],"_links":{"self":[{"href":"https:\/\/ensfjsmo-sjn.infd.edu.ar\/sitio\/wp-json\/wp\/v2\/pages\/1668"}],"collection":[{"href":"https:\/\/ensfjsmo-sjn.infd.edu.ar\/sitio\/wp-json\/wp\/v2\/pages"}],"about":[{"href":"https:\/\/ensfjsmo-sjn.infd.edu.ar\/sitio\/wp-json\/wp\/v2\/types\/page"}],"author":[{"embeddable":true,"href":"https:\/\/ensfjsmo-sjn.infd.edu.ar\/sitio\/wp-json\/wp\/v2\/users\/78"}],"replies":[{"embeddable":true,"href":"https:\/\/ensfjsmo-sjn.infd.edu.ar\/sitio\/wp-json\/wp\/v2\/comments?post=1668"}],"version-history":[{"count":15,"href":"https:\/\/ensfjsmo-sjn.infd.edu.ar\/sitio\/wp-json\/wp\/v2\/pages\/1668\/revisions"}],"predecessor-version":[{"id":2029,"href":"https:\/\/ensfjsmo-sjn.infd.edu.ar\/sitio\/wp-json\/wp\/v2\/pages\/1668\/revisions\/2029"}],"up":[{"embeddable":true,"href":"https:\/\/ensfjsmo-sjn.infd.edu.ar\/sitio\/wp-json\/wp\/v2\/pages\/876"}],"wp:attachment":[{"href":"https:\/\/ensfjsmo-sjn.infd.edu.ar\/sitio\/wp-json\/wp\/v2\/media?parent=1668"}],"curies":[{"name":"wp","href":"https:\/\/api.w.org\/{rel}","templated":true}]}}