{"id":286,"date":"2016-10-31T13:17:59","date_gmt":"2016-10-31T16:17:59","guid":{"rendered":"https:\/\/ensfjsmo-sjn.infd.edu.ar\/sitio\/?page_id=286"},"modified":"2020-03-19T18:33:41","modified_gmt":"2020-03-19T21:33:41","slug":"inicio","status":"publish","type":"page","link":"https:\/\/ensfjsmo-sjn.infd.edu.ar\/sitio\/","title":{"rendered":"Inicio"},"content":{"rendered":"<div id=\"metaslider-id-403\" style=\"width: 100%;\" class=\"ml-slider-3-33-0 metaslider metaslider-flex metaslider-403 ml-slider ms-theme-default\" role=\"region\" aria-roledescription=\"Slideshow\" aria-label=\"Slideshow\">\n    <div id=\"metaslider_container_403\">\n        <div id=\"metaslider_403\" class=\"flexslider\">\n            <ul aria-live=\"polite\" class=\"slides\">\n                <li style=\"display: block; width: 100%;\" class=\"slide-607 ms-image\" aria-roledescription=\"slide\" aria-label=\"slide-607\"><a href=\"https:\/\/mapa.infd.edu.ar\/\" target=\"_blank\"><img src=\"https:\/\/ensfjsmo-sjn.infd.edu.ar\/sitio\/wp-content\/uploads\/2018\/06\/mapa_infd6-1100x200.png\" height=\"200\" width=\"1100\" alt=\"\" class=\"slider-403 slide-607\" title=\"mapa_infd6\" \/><\/a><\/li>\n                <li style=\"display: none; width: 100%;\" class=\"slide-609 ms-image\" aria-roledescription=\"slide\" aria-label=\"slide-609\"><a href=\"https:\/\/www.argentina.gob.ar\/educacion\/becas\" target=\"_blank\"><img src=\"https:\/\/ensfjsmo-sjn.infd.edu.ar\/sitio\/wp-content\/uploads\/2018\/06\/becas7-1100x200.png\" height=\"200\" width=\"1100\" alt=\"\" class=\"slider-403 slide-609\" title=\"becas7\" \/><\/a><\/li>\n                <li style=\"display: none; width: 100%;\" class=\"slide-635 ms-image\" aria-roledescription=\"slide\" aria-label=\"slide-635\"><a href=\"https:\/\/www.argentina.gob.ar\/tema\/estudiar\/formacion-docencia\" target=\"_blank\"><img src=\"https:\/\/ensfjsmo-sjn.infd.edu.ar\/sitio\/wp-content\/uploads\/2018\/06\/convocatorias_slide6-1-1100x200.png\" height=\"200\" width=\"1100\" alt=\"\" class=\"slider-403 slide-635\" title=\"convocatorias_slide6-1\" \/><\/a><\/li>\n            <\/ul>\n        <\/div>\n        \n    <\/div>\n<\/div>\n<p style=\"text-align: center;\">\n<table id=\"table1\" class=\"aligncenter\" style=\"width: 526px; height: 703px;\" border=\"1\" cellspacing=\"0\" cellpadding=\"10\" align=\"center\">\n<tbody>\n<tr>\n<td style=\"border: 1px solid;\"><img decoding=\"async\" loading=\"lazy\" class=\"alignnone wp-image-1111 aligncenter\" src=\"https:\/\/ensfjsmo-sjn.infd.edu.ar\/sitio\/wp-content\/uploads\/2020\/03\/WhatsApp-Image-2020-03-19-at-12.00.01.jpeg\" alt=\"\" width=\"158\" height=\"101\" \/><\/p>\n<p><span style=\"font-size: 14pt; background-color: #ffffff;\"><strong><span style=\"font-family: 'book antiqua',palatino;\">Escuela Normal Superior \u00abFray Justo Santa Mar\u00eda de Oro\u00bb<\/span><\/strong><\/span><\/p>\n<p style=\"text-align: center;\"><span style=\"color: #3e748e; font-family: arial,helvetica,sans-serif; font-size: 14pt;\"><strong><span style=\"font-family: book antiqua,palatino; color: #003366;\">Instituto Superior de Formaci\u00f3n Docente<\/span><\/strong><br \/>\n<\/span><\/p>\n<p><img decoding=\"async\" style=\"display: block; margin-left: auto; margin-right: auto;\" title=\"\" src=\"https:\/\/ensfjsmo-sjn.infd.edu.ar\/sitio\/wp-content\/uploads\/2018\/08\/Salon.png\" alt=\"\" border=\"0\" \/><\/p>\n<p style=\"text-align: justify;\"><span style=\"font-family: 'book antiqua', palatino; font-size: 12pt;\" data-mce-mark=\"1\">En la historia del departamento de J\u00e1chal y de la provincia, la presencia de la Escuela Normal constituye el cap\u00edtulo m\u00e1s importante referido a la educaci\u00f3n en la formaci\u00f3n de maestros desde 1917 hasta el presente.<\/span><\/p>\n<p style=\"text-align: justify;\"><span style=\"font-family: Verdana; font-size: 10pt;\"><span style=\"font-family: 'book antiqua', palatino; font-size: 12pt;\">Es por esto, que la instituci\u00f3n cumple su funci\u00f3n educativa y cultural en la sociedad jachallera y zonas de influencia, cumpliendo un rol hegem\u00f3nico en la formaci\u00f3n de profesionales de la educaci\u00f3n.\u00a0<\/span><br \/>\n<\/span><\/p>\n<\/td>\n<\/tr>\n<\/tbody>\n<\/table>\n","protected":false},"excerpt":{"rendered":"<p>Escuela Normal Superior \u00abFray Justo Santa Mar\u00eda de Oro\u00bb Instituto Superior de Formaci\u00f3n Docente En la historia del departamento de J\u00e1chal y de la provincia, la presencia de la Escuela Normal constituye el cap\u00edtulo m\u00e1s importante referido a la educaci\u00f3n en la formaci\u00f3n de maestros desde 1917 hasta el presente. Es por esto, que la &#8230; <a title=\"Inicio\" class=\"read-more\" href=\"https:\/\/ensfjsmo-sjn.infd.edu.ar\/sitio\/\" aria-label=\"More on Inicio\">[+]<\/a><\/p>\n","protected":false},"author":1,"featured_media":0,"parent":0,"menu_order":0,"comment_status":"closed","ping_status":"closed","template":"","meta":[],"acf":[],"_links":{"self":[{"href":"https:\/\/ensfjsmo-sjn.infd.edu.ar\/sitio\/wp-json\/wp\/v2\/pages\/286"}],"collection":[{"href":"https:\/\/ensfjsmo-sjn.infd.edu.ar\/sitio\/wp-json\/wp\/v2\/pages"}],"about":[{"href":"https:\/\/ensfjsmo-sjn.infd.edu.ar\/sitio\/wp-json\/wp\/v2\/types\/page"}],"author":[{"embeddable":true,"href":"https:\/\/ensfjsmo-sjn.infd.edu.ar\/sitio\/wp-json\/wp\/v2\/users\/1"}],"replies":[{"embeddable":true,"href":"https:\/\/ensfjsmo-sjn.infd.edu.ar\/sitio\/wp-json\/wp\/v2\/comments?post=286"}],"version-history":[{"count":82,"href":"https:\/\/ensfjsmo-sjn.infd.edu.ar\/sitio\/wp-json\/wp\/v2\/pages\/286\/revisions"}],"predecessor-version":[{"id":1320,"href":"https:\/\/ensfjsmo-sjn.infd.edu.ar\/sitio\/wp-json\/wp\/v2\/pages\/286\/revisions\/1320"}],"wp:attachment":[{"href":"https:\/\/ensfjsmo-sjn.infd.edu.ar\/sitio\/wp-json\/wp\/v2\/media?parent=286"}],"curies":[{"name":"wp","href":"https:\/\/api.w.org\/{rel}","templated":true}]}}