{"id":878,"date":"2018-08-31T14:57:01","date_gmt":"2018-08-31T17:57:01","guid":{"rendered":"https:\/\/ensfjsmo-sjn.infd.edu.ar\/sitio\/caminado-hacia-el-centesino-aniversario\/"},"modified":"2020-03-19T11:31:56","modified_gmt":"2020-03-19T14:31:56","slug":"caminado-hacia-el-centesino-aniversario","status":"publish","type":"page","link":"https:\/\/ensfjsmo-sjn.infd.edu.ar\/sitio\/caminado-hacia-el-centesino-aniversario\/","title":{"rendered":"As\u00ed camin\u00e1bamos hacia el Cent\u00e9simo Aniversario   1917-2017"},"content":{"rendered":"<p style=\"text-align: justify;\"><span style=\"font-family: book antiqua,palatino; font-size: 12pt;\">El 1\u00b0 de septiembre de 2017 cumpli\u00f3 cien a\u00f1os nuestra querida Escuela Normal \u201cFray Justo Santa Mar\u00eda de Oro\u201d, un aniversario para exaltar la importante trascendencia que esta casa de estudios tiene y ha tenido en el desarrollo cultural, educativo y en la formaci\u00f3n de muchas generaciones de ni\u00f1os, j\u00f3venes y adultos del Departamento de San Jos\u00e9 de J\u00e1chal.<\/span><\/p>\n<p style=\"text-align: justify;\"><span style=\"font-family: book antiqua,palatino; font-size: 12pt;\">Para festejar debidamente este cent\u00e9simo aniversario, desde que abri\u00f3 sus puertas en este Departamento \u2013aquel 1\u00b0 de septiembre de 1917- el Equipo de Gesti\u00f3n de los cuatro niveles educativos -Inicial, Primario, Secundario y Superior- dispuso un programa de actividades que culmino el 1\u00b0 de septiembre del a\u00f1o 2018. Para ello se constituy\u00f3 una <strong><em>Comisi\u00f3n Central Organizadora del Acto<\/em><\/strong> integrada por el Equipo de Gesti\u00f3n de los cuatro niveles educativos.<\/span><\/p>\n<p style=\"text-align: justify;\"><span style=\"font-family: book antiqua,palatino; font-size: 12pt;\">Para mayor informaci\u00f3n, puede descargar el <a title=\"Programa del Aniversario\" href=\"upload\/PROGRAMA_ACTO_CENTENARIO.pdf\" target=\"_blank\" rel=\"noopener\">programa del aniversario<\/a>.<\/span><\/p>\n<p style=\"text-align: justify;\">\n<table border=\"0\" align=\"center\">\n<tbody>\n<tr>\n<td><\/td>\n<td><img decoding=\"async\" loading=\"lazy\" title=\"\" src=\"https:\/\/ensfjsmo-sjn.infd.edu.ar\/sitio\/wp-content\/uploads\/2018\/08\/DSC_0105.jpg\" alt=\"\" width=\"318\" height=\"166\" border=\"0\" \/><\/p>\n<p>&nbsp;<\/td>\n<td><img decoding=\"async\" loading=\"lazy\" title=\"\" src=\"https:\/\/ensfjsmo-sjn.infd.edu.ar\/sitio\/wp-content\/uploads\/2018\/08\/DSC_0118.jpg\" alt=\"\" width=\"334\" height=\"160\" border=\"0\" \/><\/p>\n<p>&nbsp;<\/td>\n<\/tr>\n<tr>\n<td><\/td>\n<td><img decoding=\"async\" loading=\"lazy\" title=\"\" src=\"https:\/\/ensfjsmo-sjn.infd.edu.ar\/sitio\/wp-content\/uploads\/2018\/08\/DSC_0119.jpg\" alt=\"\" width=\"318\" height=\"192\" border=\"0\" \/><\/td>\n<td><img decoding=\"async\" loading=\"lazy\" title=\"\" src=\"https:\/\/ensfjsmo-sjn.infd.edu.ar\/sitio\/wp-content\/uploads\/2018\/08\/DSC_0124.jpg\" alt=\"\" width=\"336\" height=\"190\" border=\"0\" \/><\/td>\n<\/tr>\n<\/tbody>\n<\/table>\n<p style=\"text-align: justify;\">\n<p style=\"text-align: center;\"><span style=\"font-family: book antiqua,palatino; font-size: 12pt;\">\u00a0Pueden enviar fotos, im\u00e1genes, an\u00e9cdotas y otros escritos, a nuestra cuenta de Gmail:<\/span><\/p>\n<p style=\"text-align: center;\"><span style=\"font-family: book antiqua,palatino; font-size: 12pt; color: #3366ff;\"><strong>agendadelcentenario@gmail.com<\/strong><\/span><\/p>\n<p style=\"text-align: justify;\">\n<p style=\"text-align: center;\"><span style=\"font-family: book antiqua,palatino; font-size: 12pt;\">Tambi\u00e9n pueden ver las \u00faltimas novedades del aniversario en Facebook:<\/span><\/p>\n<p style=\"text-align: center;\"><strong><span style=\"font-family: book antiqua,palatino; font-size: 12pt; color: #3366ff;\">Centenario Escuela Normal Superior Fray Justo Santa Mar\u00eda de Oro<\/span><\/strong><br \/>\n<strong><span style=\"font-family: book antiqua,palatino; font-size: 12pt; color: #3366ff;\"><a title=\"Centenario Escuela Normal Superior Fray Justo Santa Mar\u00eda de Oro\" href=\"https:\/\/www.facebook.com\/centenarionormaljachal\/\">https:\/\/www.facebook.com\/centenarionormaljachal\/<\/a><\/span><\/strong><\/p>\n<p style=\"text-align: center;\">\n<p style=\"text-align: center;\"><span style=\"color: #000000;\"><span style=\"font-family: book antiqua,palatino; font-size: 12pt;\">Facebook de la Educaci\u00f3n Secundaria:<\/span><\/span><\/p>\n<p style=\"text-align: center;\"><strong><span style=\"font-family: book antiqua,palatino; font-size: 12pt; color: #3366ff;\">Tendiendo puentes<br \/>\n<a title=\"Tendiendo puentes\" href=\"https:\/\/www.facebook.com\/asesoriapedagogicaescnormaljachal\/\">https:\/\/www.facebook.com\/asesoriapedagogicaescnormaljachal\/<\/a><\/span><\/strong><\/p>\n<p style=\"text-align: center;\">\n<p style=\"text-align: center;\">\n","protected":false},"excerpt":{"rendered":"<p>El 1\u00b0 de septiembre de 2017 cumpli\u00f3 cien a\u00f1os nuestra querida Escuela Normal \u201cFray Justo Santa Mar\u00eda de Oro\u201d, un aniversario para exaltar la importante trascendencia que esta casa de estudios tiene y ha tenido en el desarrollo cultural, educativo y en la formaci\u00f3n de muchas generaciones de ni\u00f1os, j\u00f3venes y adultos del Departamento de &#8230; <a title=\"As\u00ed camin\u00e1bamos hacia el Cent\u00e9simo Aniversario   1917-2017\" class=\"read-more\" href=\"https:\/\/ensfjsmo-sjn.infd.edu.ar\/sitio\/caminado-hacia-el-centesino-aniversario\/\" aria-label=\"More on As\u00ed camin\u00e1bamos hacia el Cent\u00e9simo Aniversario   1917-2017\">[+]<\/a><\/p>\n","protected":false},"author":78,"featured_media":0,"parent":0,"menu_order":0,"comment_status":"closed","ping_status":"closed","template":"","meta":[],"acf":[],"_links":{"self":[{"href":"https:\/\/ensfjsmo-sjn.infd.edu.ar\/sitio\/wp-json\/wp\/v2\/pages\/878"}],"collection":[{"href":"https:\/\/ensfjsmo-sjn.infd.edu.ar\/sitio\/wp-json\/wp\/v2\/pages"}],"about":[{"href":"https:\/\/ensfjsmo-sjn.infd.edu.ar\/sitio\/wp-json\/wp\/v2\/types\/page"}],"author":[{"embeddable":true,"href":"https:\/\/ensfjsmo-sjn.infd.edu.ar\/sitio\/wp-json\/wp\/v2\/users\/78"}],"replies":[{"embeddable":true,"href":"https:\/\/ensfjsmo-sjn.infd.edu.ar\/sitio\/wp-json\/wp\/v2\/comments?post=878"}],"version-history":[{"count":2,"href":"https:\/\/ensfjsmo-sjn.infd.edu.ar\/sitio\/wp-json\/wp\/v2\/pages\/878\/revisions"}],"predecessor-version":[{"id":1110,"href":"https:\/\/ensfjsmo-sjn.infd.edu.ar\/sitio\/wp-json\/wp\/v2\/pages\/878\/revisions\/1110"}],"wp:attachment":[{"href":"https:\/\/ensfjsmo-sjn.infd.edu.ar\/sitio\/wp-json\/wp\/v2\/media?parent=878"}],"curies":[{"name":"wp","href":"https:\/\/api.w.org\/{rel}","templated":true}]}}