{"id":887,"date":"2020-03-14T14:57:03","date_gmt":"2020-03-14T17:57:03","guid":{"rendered":"https:\/\/ensfjsmo-sjn.infd.edu.ar\/sitio\/docentes\/"},"modified":"2020-03-16T20:35:32","modified_gmt":"2020-03-16T23:35:32","slug":"docentes","status":"publish","type":"page","link":"https:\/\/ensfjsmo-sjn.infd.edu.ar\/sitio\/docentes\/","title":{"rendered":"Docentes"},"content":{"rendered":"<table width=\"365\">\n<tbody>\n<tr>\n<td width=\"175\"><span style=\"color: #333333;\"><strong>DOCENTES<\/strong><\/span><\/td>\n<td style=\"text-align: center;\" width=\"190\"><span style=\"color: #333333;\"><strong>\u00a0CAMPOS<\/strong><\/span><\/td>\n<\/tr>\n<tr>\n<td style=\"text-align: left;\" width=\"175\"><em><strong><span style=\"color: #800080;\">Aballay, Vanesa<\/span><\/strong><\/em><\/td>\n<td style=\"text-align: center;\" rowspan=\"18\" width=\"190\"><em><strong><span style=\"color: #800080;\">Formaci\u00f3n General<\/span><\/strong><\/em><\/td>\n<\/tr>\n<tr>\n<td width=\"175\"><em><strong><span style=\"color: #800080;\">Aciar, Gabriela<\/span><\/strong><\/em><\/td>\n<\/tr>\n<tr>\n<td width=\"175\"><em><strong><span style=\"color: #800080;\">Aciar, Laura<\/span><\/strong><\/em><\/td>\n<\/tr>\n<tr>\n<td width=\"175\"><em><strong><span style=\"color: #800080;\">Arreceygor, Rosana<\/span><\/strong><\/em><\/td>\n<\/tr>\n<tr>\n<td width=\"175\"><em><strong><span style=\"color: #800080;\">Balmaceda, Sandra<\/span><\/strong><\/em><\/td>\n<\/tr>\n<tr>\n<td width=\"175\"><em><strong><span style=\"color: #800080;\">Castillo, Jos\u00e9 Luis\u00a0<\/span><\/strong><\/em><\/td>\n<\/tr>\n<tr>\n<td width=\"175\"><em><strong><span style=\"color: #800080;\">Garc\u00eda, Laura<\/span><\/strong><\/em><\/td>\n<\/tr>\n<tr>\n<td width=\"175\"><em><strong><span style=\"color: #800080;\">Garc\u00eda Liliana<\/span><\/strong><\/em><\/td>\n<\/tr>\n<tr>\n<td width=\"175\"><em><strong><span style=\"color: #800080;\">Guebara, Johana<\/span><\/strong><\/em><\/td>\n<\/tr>\n<tr>\n<td width=\"175\"><em><strong><span style=\"color: #800080;\">Hern\u00e1ndez, Viviana<\/span><\/strong><\/em><\/td>\n<\/tr>\n<tr>\n<td width=\"175\"><em><strong><span style=\"color: #800080;\">Liquitay, Dayana<\/span><\/strong><\/em><\/td>\n<\/tr>\n<tr>\n<td width=\"175\"><em><strong><span style=\"color: #800080;\">Liquitay, Yanela<\/span><\/strong><\/em><\/td>\n<\/tr>\n<tr>\n<td width=\"175\"><em><strong><span style=\"color: #800080;\">Oviedo, Enrique<\/span><\/strong><\/em><\/td>\n<\/tr>\n<tr>\n<td width=\"175\"><em><strong><span style=\"color: #800080;\">Pezzini,\u00a0 Ana Valeria<\/span><\/strong><\/em><\/td>\n<\/tr>\n<tr>\n<td width=\"175\"><em><strong><span style=\"color: #800080;\">Reiloba, Rodolfo<\/span><\/strong><\/em><\/td>\n<\/tr>\n<tr>\n<td width=\"175\"><em><strong><span style=\"color: #800080;\">Ruiz, Ana Valeria<\/span><\/strong><\/em><\/td>\n<\/tr>\n<tr>\n<td width=\"175\"><em><strong><span style=\"color: #800080;\">S\u00e1nchez, Orlando<\/span><\/strong><\/em><\/td>\n<\/tr>\n<tr>\n<td style=\"text-align: left;\" width=\"175\"><em><strong><span style=\"color: #800080;\">Sep\u00falveda, Fabiana<\/span><\/strong><\/em><\/td>\n<\/tr>\n<tr>\n<td style=\"text-align: left;\" width=\"175\"><em><strong><span style=\"color: #000080;\">Abab, Silvia<\/span><\/strong><\/em><\/td>\n<td style=\"text-align: center;\" rowspan=\"3\" width=\"190\"><em><strong><span style=\"color: #000080;\">Formaci\u00f3n Espec\u00edfica.\u00a0\u00a0\u00a0\u00a0\u00a0\u00a0\u00a0\u00a0\u00a0\u00a0\u00a0\u00a0\u00a0\u00a0\u00a0\u00a0\u00a0\u00a0\u00a0\u00a0 Ciencias Naturales<\/span><\/strong><\/em><\/td>\n<\/tr>\n<tr>\n<td width=\"175\"><em><strong><span style=\"color: #000080;\">Silva, Roberto<\/span><\/strong><\/em><\/td>\n<\/tr>\n<tr>\n<td width=\"175\"><em><strong><span style=\"color: #000080;\">Vedia, Liliana<\/span><\/strong><\/em><\/td>\n<\/tr>\n<tr>\n<td width=\"175\"><em><strong><span style=\"color: #000080;\">Arn\u00e1ez, Emilse<\/span><\/strong><\/em><\/td>\n<td style=\"text-align: center;\" rowspan=\"5\" width=\"190\"><em><strong><span style=\"color: #000080;\">Formaci\u00f3n Espec\u00edfica.\u00a0\u00a0\u00a0\u00a0 Lengua<\/span><\/strong><\/em><\/td>\n<\/tr>\n<tr>\n<td width=\"175\"><em><strong><span style=\"color: #000080;\">Caliva, Carolina\u00a0<\/span><\/strong><\/em><\/td>\n<\/tr>\n<tr>\n<td width=\"175\"><em><strong><span style=\"color: #000080;\">Rold\u00e1n, Carolina<\/span><\/strong><\/em><\/td>\n<\/tr>\n<tr>\n<td width=\"175\"><em><strong><span style=\"color: #000080;\">Ta\u00f1ez, Melisa<\/span><\/strong><\/em><\/td>\n<\/tr>\n<tr>\n<td width=\"175\"><em><strong><span style=\"color: #000080;\">Tejada, Rosa Walda<\/span><\/strong><\/em><\/td>\n<\/tr>\n<tr>\n<td width=\"175\"><em><strong><span style=\"color: #000080;\">Aballay, \u00c9rica<\/span><\/strong><\/em><\/td>\n<td style=\"text-align: center;\" rowspan=\"3\" width=\"190\"><em><strong><span style=\"color: #000080;\">Formaci\u00f3n Espec\u00edfica.\u00a0\u00a0\u00a0\u00a0\u00a0\u00a0 Educaci\u00f3n Art\u00edstica<\/span><\/strong><\/em><\/td>\n<\/tr>\n<tr>\n<td width=\"175\"><em><strong><span style=\"color: #000080;\">Carrizo, Norma<\/span><\/strong><\/em><\/td>\n<\/tr>\n<tr>\n<td width=\"175\"><em><strong><span style=\"color: #000080;\">Gamboa, Gustavo<\/span><\/strong><\/em><\/td>\n<\/tr>\n<tr>\n<td width=\"175\"><em><strong><span style=\"color: #000080;\">Espejo, Osvaldo W.<\/span><\/strong><\/em><\/td>\n<td style=\"text-align: center;\" rowspan=\"5\" width=\"190\"><em><strong><span style=\"color: #000080;\">Formaci\u00f3n Espec\u00edfica.\u00a0\u00a0\u00a0\u00a0\u00a0\u00a0\u00a0\u00a0\u00a0\u00a0\u00a0\u00a0\u00a0 Ciencias Sociales\u00a0<\/span><\/strong><\/em><\/td>\n<\/tr>\n<tr>\n<td width=\"175\"><em><strong><span style=\"color: #000080;\">Guzm\u00e1n Dalila\u00a0<\/span><\/strong><\/em><\/td>\n<\/tr>\n<tr>\n<td width=\"175\"><em><strong><span style=\"color: #000080;\">Manrique, Luisa<\/span><\/strong><\/em><\/td>\n<\/tr>\n<tr>\n<td width=\"175\"><em><strong><span style=\"color: #000080;\">Molin\u00ed, Emilce<\/span><\/strong><\/em><\/td>\n<\/tr>\n<tr>\n<td width=\"175\"><em><strong><span style=\"color: #000080;\">Vergara, Valeria<\/span><\/strong><\/em><\/td>\n<\/tr>\n<tr>\n<td width=\"175\"><em><strong><span style=\"color: #000080;\">Camposano, Daniela<\/span><\/strong><\/em><\/td>\n<td style=\"text-align: center;\" rowspan=\"4\" width=\"190\"><em><strong><span style=\"color: #000080;\">Formaci\u00f3n Espec\u00edfica.\u00a0\u00a0 Matem\u00e1tica<\/span><\/strong><\/em><\/td>\n<\/tr>\n<tr>\n<td width=\"175\"><em><strong><span style=\"color: #000080;\">Maturano, Celina<\/span><\/strong><\/em><\/td>\n<\/tr>\n<tr>\n<td width=\"175\"><em><strong><span style=\"color: #000080;\">Molin\u00ed, Mabel<\/span><\/strong><\/em><\/td>\n<\/tr>\n<tr>\n<td width=\"175\"><em><strong><span style=\"color: #000080;\">Pezzini, Luis<\/span><\/strong><\/em><\/td>\n<\/tr>\n<tr>\n<td style=\"text-align: left;\" width=\"175\"><em><strong><span style=\"color: #000080;\">Rosales, Largio<\/span><\/strong><\/em><\/td>\n<td style=\"text-align: center;\" width=\"190\"><em><strong><span style=\"color: #000080;\">Formaci\u00f3n Espec\u00edfica.\u00a0\u00a0\u00a0\u00a0\u00a0\u00a0\u00a0\u00a0\u00a0\u00a0\u00a0\u00a0\u00a0\u00a0\u00a0 Educaci\u00f3n F\u00edsica<\/span><\/strong><\/em><\/td>\n<\/tr>\n<tr>\n<td width=\"175\"><em><strong><span style=\"color: #008000;\">Cano, Emilce<\/span><\/strong><\/em><\/td>\n<td style=\"text-align: center;\" rowspan=\"6\" width=\"190\"><em><strong><span style=\"color: #008000;\">Formaci\u00f3n de la Pr\u00e1ctica<\/span><\/strong><\/em><\/td>\n<\/tr>\n<tr>\n<td width=\"175\"><em><strong><span style=\"color: #008000;\">Gordillo, Ivana<\/span><\/strong><\/em><\/td>\n<\/tr>\n<tr>\n<td width=\"175\"><em><strong><span style=\"color: #008000;\">Luna, Eliana\u00a0<\/span><\/strong><\/em><\/td>\n<\/tr>\n<tr>\n<td width=\"175\"><em><strong><span style=\"color: #008000;\">Munizaga, Gladis<\/span><\/strong><\/em><\/td>\n<\/tr>\n<tr>\n<td width=\"175\"><em><strong><span style=\"color: #008000;\">Pedrozo, Laura<\/span><\/strong><\/em><\/td>\n<\/tr>\n<tr>\n<td width=\"175\"><em><strong><span style=\"color: #008000;\">Varas, Daniela<\/span><\/strong><\/em><\/td>\n<\/tr>\n<tr>\n<td width=\"175\"><em><span style=\"color: #993300;\"><strong>Ferreira, Mat\u00edas<\/strong><\/span><\/em><\/td>\n<td style=\"text-align: center;\" rowspan=\"4\" width=\"190\"><em><span style=\"color: #993300;\"><strong>Bedel\u00eda<\/strong><\/span><\/em><\/td>\n<\/tr>\n<tr>\n<td width=\"175\"><em><span style=\"color: #993300;\"><strong>P\u00e1ez, Arturo<\/strong><\/span><\/em><\/td>\n<\/tr>\n<tr>\n<td width=\"175\"><em><span style=\"color: #993300;\"><strong>Tejada, Patricia<\/strong><\/span><\/em><\/td>\n<\/tr>\n<tr>\n<td width=\"175\"><em><span style=\"color: #993300;\"><strong>Tejada, Vanesa<\/strong><\/span><\/em><\/td>\n<\/tr>\n<tr>\n<td width=\"175\"><em><span style=\"color: #993300;\"><strong>Zalazar, Soledad<\/strong><\/span><\/em><\/td>\n<td style=\"text-align: center;\" width=\"190\"><em><span style=\"color: #993300;\"><strong>Biblioteca<\/strong><\/span><\/em><\/td>\n<\/tr>\n<\/tbody>\n<\/table>\n","protected":false},"excerpt":{"rendered":"<p>DOCENTES \u00a0CAMPOS Aballay, Vanesa Formaci\u00f3n General Aciar, Gabriela Aciar, Laura Arreceygor, Rosana Balmaceda, Sandra Castillo, Jos\u00e9 Luis\u00a0 Garc\u00eda, Laura Garc\u00eda Liliana Guebara, Johana Hern\u00e1ndez, Viviana Liquitay, Dayana Liquitay, Yanela Oviedo, Enrique Pezzini,\u00a0 Ana Valeria Reiloba, Rodolfo Ruiz, Ana Valeria S\u00e1nchez, Orlando Sep\u00falveda, Fabiana Abab, Silvia Formaci\u00f3n Espec\u00edfica.\u00a0\u00a0\u00a0\u00a0\u00a0\u00a0\u00a0\u00a0\u00a0\u00a0\u00a0\u00a0\u00a0\u00a0\u00a0\u00a0\u00a0\u00a0\u00a0\u00a0 Ciencias Naturales Silva, Roberto Vedia, Liliana Arn\u00e1ez, Emilse &#8230; <a title=\"Docentes\" class=\"read-more\" href=\"https:\/\/ensfjsmo-sjn.infd.edu.ar\/sitio\/docentes\/\" aria-label=\"More on Docentes\">[+]<\/a><\/p>\n","protected":false},"author":78,"featured_media":0,"parent":0,"menu_order":0,"comment_status":"closed","ping_status":"closed","template":"","meta":[],"acf":[],"_links":{"self":[{"href":"https:\/\/ensfjsmo-sjn.infd.edu.ar\/sitio\/wp-json\/wp\/v2\/pages\/887"}],"collection":[{"href":"https:\/\/ensfjsmo-sjn.infd.edu.ar\/sitio\/wp-json\/wp\/v2\/pages"}],"about":[{"href":"https:\/\/ensfjsmo-sjn.infd.edu.ar\/sitio\/wp-json\/wp\/v2\/types\/page"}],"author":[{"embeddable":true,"href":"https:\/\/ensfjsmo-sjn.infd.edu.ar\/sitio\/wp-json\/wp\/v2\/users\/78"}],"replies":[{"embeddable":true,"href":"https:\/\/ensfjsmo-sjn.infd.edu.ar\/sitio\/wp-json\/wp\/v2\/comments?post=887"}],"version-history":[{"count":4,"href":"https:\/\/ensfjsmo-sjn.infd.edu.ar\/sitio\/wp-json\/wp\/v2\/pages\/887\/revisions"}],"predecessor-version":[{"id":986,"href":"https:\/\/ensfjsmo-sjn.infd.edu.ar\/sitio\/wp-json\/wp\/v2\/pages\/887\/revisions\/986"}],"wp:attachment":[{"href":"https:\/\/ensfjsmo-sjn.infd.edu.ar\/sitio\/wp-json\/wp\/v2\/media?parent=887"}],"curies":[{"name":"wp","href":"https:\/\/api.w.org\/{rel}","templated":true}]}}