{"id":895,"date":"2020-03-14T14:57:06","date_gmt":"2020-03-14T17:57:06","guid":{"rendered":"https:\/\/ensfjsmo-sjn.infd.edu.ar\/sitio\/equipo-de-conduccion\/"},"modified":"2020-03-18T18:28:04","modified_gmt":"2020-03-18T21:28:04","slug":"equipo-de-conduccion","status":"publish","type":"page","link":"https:\/\/ensfjsmo-sjn.infd.edu.ar\/sitio\/equipo-de-conduccion\/","title":{"rendered":"Equipo de Conducci\u00f3n"},"content":{"rendered":"<p style=\"text-align: center;\"><span style=\"color: #000080; font-family: 'book antiqua', palatino; font-size: 14pt;\" data-mce-mark=\"1\"><strong>Equipo de Conducci\u00f3n<\/strong><\/span><\/p>\n<p style=\"text-align: center;\"><span style=\"color: #000080;\"><em><span style=\"font-family: 'book antiqua', palatino; font-size: 12pt;\" data-mce-mark=\"1\"><span style=\"text-decoration: underline;\" data-mce-mark=\"1\"><span style=\"font-family: 'book antiqua', palatino;\" data-mce-mark=\"1\"><span style=\"font-family: 'book antiqua', palatino;\" data-mce-mark=\"1\">RECTORA:<\/span><\/span><\/span><span style=\"font-family: 'book antiqua', palatino;\" data-mce-mark=\"1\"><span style=\"font-family: 'book antiqua', palatino;\" data-mce-mark=\"1\">\u00a0Prof.\u00a0 Rosa Walda Tejada<\/span><\/span><\/span><\/em><\/span><\/p>\n<p style=\"text-align: center;\"><span style=\"color: #000080;\"><em><span style=\"font-family: 'book antiqua', palatino; font-size: 12pt;\" data-mce-mark=\"1\"><span style=\"text-decoration: underline;\" data-mce-mark=\"1\"><span style=\"font-family: 'book antiqua', palatino;\" data-mce-mark=\"1\"><span style=\"font-family: 'book antiqua', palatino;\" data-mce-mark=\"1\"><span style=\"font-family: 'book antiqua', palatino;\" data-mce-mark=\"1\">VICE &#8211; RECTORA:<\/span><\/span><\/span><\/span><span style=\"font-family: 'book antiqua', palatino;\" data-mce-mark=\"1\"><span style=\"font-family: 'book antiqua', palatino;\" data-mce-mark=\"1\">\u00a0Prof. Carolina Caliva<\/span><\/span><\/span><\/em><\/span><\/p>\n<p style=\"text-align: center;\"><span style=\"color: #000080;\"><em><span style=\"font-family: 'book antiqua', palatino;\" data-mce-mark=\"1\"><span style=\"text-decoration: underline;\" data-mce-mark=\"1\"><span style=\"font-size: 12pt;\" data-mce-mark=\"1\">REGENTE:<\/span><\/span><span style=\"font-size: 12pt;\" data-mce-mark=\"1\">\u00a0 Prof. Ana Valeria Pezzini<br \/>\n<\/span><\/span><\/em><\/span><\/p>\n<p style=\"text-align: center;\"><span style=\"color: #000080;\"><em><span style=\"font-size: 12pt;\" data-mce-mark=\"1\"><span style=\"text-decoration: underline;\" data-mce-mark=\"1\"><span style=\"font-family: 'book antiqua', palatino;\" data-mce-mark=\"1\"><span style=\"font-family: 'book antiqua', palatino;\" data-mce-mark=\"1\"><span style=\"font-family: 'book antiqua', palatino;\" data-mce-mark=\"1\"><span style=\"font-family: 'book antiqua', palatino;\" data-mce-mark=\"1\">FORMACI\u00d3N DOCENTE INICIAL:<\/span><\/span><\/span><\/span><\/span><span style=\"font-family: 'book antiqua', palatino;\" data-mce-mark=\"1\">\u00a0Prof.\u00a0Liliana Vedia.<\/span><\/span><\/em><\/span><\/p>\n<p style=\"text-align: center;\"><span style=\"color: #000080;\"><em><span style=\"font-size: 12pt;\" data-mce-mark=\"1\"><span style=\"font-family: 'book antiqua', palatino;\" data-mce-mark=\"1\"><span style=\"text-decoration: underline;\" data-mce-mark=\"1\"><span style=\"font-family: 'book antiqua', palatino;\" data-mce-mark=\"1\"><span style=\"font-family: 'book antiqua', palatino;\" data-mce-mark=\"1\"><span style=\"font-family: 'book antiqua', palatino;\" data-mce-mark=\"1\">\u00c1REA DE FORMACI\u00d3N DE FORMADORES:<\/span><\/span><\/span><\/span><span style=\"font-family: 'book antiqua', palatino;\" data-mce-mark=\"1\"><span style=\"font-family: 'book antiqua', palatino;\" data-mce-mark=\"1\">\u00a0Prof. Rodolfo Reiloba<\/span><\/span><\/span><span style=\"font-family: 'book antiqua', palatino;\" data-mce-mark=\"1\">.<\/span><\/span><\/em><\/span><\/p>\n<p style=\"text-align: center;\"><span style=\"color: #000080;\"><em><span style=\"font-size: 12pt;\"><span style=\"font-family: book antiqua,palatino;\"><span style=\"text-decoration: underline;\" data-mce-mark=\"1\"><span style=\"font-size: 12pt;\" data-mce-mark=\"1\">INVESTIGACI\u00d3N<\/span><\/span><\/span><span style=\"font-size: 12pt;\" data-mce-mark=\"1\"><span style=\"font-family: 'book antiqua', palatino;\" data-mce-mark=\"1\"><span style=\"font-family: 'book antiqua', palatino;\" data-mce-mark=\"1\"><span style=\"font-family: 'book antiqua', palatino;\" data-mce-mark=\"1\"><span style=\"font-family: 'book antiqua', palatino;\" data-mce-mark=\"1\">:<\/span><\/span><\/span><\/span><\/span><span style=\"font-family: 'book antiqua', palatino;\" data-mce-mark=\"1\"><span style=\"font-family: 'book antiqua', palatino;\" data-mce-mark=\"1\"><span style=\"font-family: 'book antiqua', palatino;\" data-mce-mark=\"1\"> Prof. Ana Valeria Ruiz.<br \/>\n<\/span><\/span><\/span><\/span><\/em><\/span><\/p>\n<p style=\"text-align: center;\"><span style=\"color: #000080;\"><em><span style=\"font-size: 12pt;\"><span style=\"font-family: book antiqua,palatino;\"><span style=\"text-decoration: underline;\" data-mce-mark=\"1\">COORDINACI\u00d3N DE LA PR\u00c1CTICA PEP<\/span><\/span><span style=\"font-family: 'book antiqua', palatino;\" data-mce-mark=\"1\">:<\/span><span style=\"font-family: 'book antiqua', palatino;\" data-mce-mark=\"1\"> Prof. Emilce Cano<\/span><\/span><\/em><\/span><\/p>\n<p style=\"text-align: center;\"><span style=\"color: #000080;\"><em><span style=\"font-size: 12pt;\"><span style=\"font-family: book antiqua,palatino;\"><span style=\"text-decoration: underline;\" data-mce-mark=\"1\">COORDINACI\u00d3N DE LA PR\u00c1CTICA PEI<\/span><\/span><span style=\"font-family: 'book antiqua', palatino;\" data-mce-mark=\"1\">:<\/span><span style=\"font-family: 'book antiqua', palatino;\" data-mce-mark=\"1\"> Prof. Ivana Gordillo<\/span><\/span><\/em><\/span><\/p>\n<p>&nbsp;<\/p>\n<p style=\"text-align: left;\"><span style=\"color: #000000; font-family: 'book antiqua', palatino;\" data-mce-mark=\"1\"><span style=\"font-size: 12pt;\" data-mce-mark=\"1\">\u00a0<\/span><\/span><\/p>\n<p style=\"text-align: left;\"><span style=\"font-family: 'book antiqua', palatino;\" data-mce-mark=\"1\"><span style=\"text-decoration: underline; font-size: 12pt;\" data-mce-mark=\"1\"><span style=\"font-family: 'book antiqua', palatino;\" data-mce-mark=\"1\"><strong><span style=\"font-family: 'book antiqua', palatino;\" data-mce-mark=\"1\"><span style=\"font-family: 'book antiqua', palatino;\" data-mce-mark=\"1\"><span style=\"font-family: 'book antiqua', palatino;\" data-mce-mark=\"1\">CONSEJO \u00a0ACAD\u00c9MICO:<\/span><\/span><\/span><\/strong><\/span><\/span><span style=\"font-family: 'book antiqua', palatino;\" data-mce-mark=\"1\"><span style=\"font-family: 'book antiqua', palatino;\" data-mce-mark=\"1\"><span style=\"font-size: 12pt;\" data-mce-mark=\"1\">\u00a0 Conformado por:<\/span><\/span><\/span><\/span><\/p>\n<ul>\n<li style=\"text-align: left;\"><span style=\"font-size: 12pt;\" data-mce-mark=\"1\"><span data-mce-mark=\"1\">Equipo de Conducci\u00f3n<\/span><\/span><\/li>\n<\/ul>\n<p>&nbsp;<\/p>\n<ul>\n<li style=\"text-align: left;\">Consejeros docentes<\/li>\n<\/ul>\n<p style=\"text-align: center;\"><em><strong><span style=\"color: #000080;\">Emilce Cano &#8211; Silvia Abad &#8211; Sandra Balmaceda &#8211;\u00a0 Jos\u00e9 Luis Castillo &#8211; Vanesa Aballay &#8211; Largio Rosales<\/span><\/strong><\/em><\/p>\n<p style=\"text-align: left;\"><span style=\"font-family: 'book antiqua', palatino; font-size: 12pt;\"><span style=\"font-family: 'book antiqua', palatino;\"><span style=\"font-family: 'book antiqua', palatino;\">\u00a0 \u00a0 \u00a0 \u00a0 \u00a0 \u00a0 \u00a0 \u00a0 \u00a0 \u00a0 \u00a0 \u00a0 \u00a0 \u00a0 \u00a0 \u00a0 \u00a0 \u00a0 \u00a0 \u00a0 \u00a0 \u00a0 \u00a0 \u00a0<\/span><\/span><\/span><\/p>\n<ul>\n<li style=\"text-align: left;\"><span style=\"font-family: 'book antiqua', palatino; font-size: 12pt;\"><span style=\"font-family: 'book antiqua', palatino;\"><span style=\"font-family: 'book antiqua', palatino;\"> Consejeros alumnos<\/span><\/span><\/span><\/li>\n<\/ul>\n<p style=\"text-align: center;\"><em><span style=\"color: #000080;\"><strong>Gabriela Manrique &#8211; Pablo Perram\u00f3n &#8211;\u00a0 Rosana Luna &#8211; Paula Bruno<\/strong><\/span><\/em><\/p>\n<p>&nbsp;<\/p>\n","protected":false},"excerpt":{"rendered":"<p>Equipo de Conducci\u00f3n RECTORA:\u00a0Prof.\u00a0 Rosa Walda Tejada VICE &#8211; RECTORA:\u00a0Prof. Carolina Caliva REGENTE:\u00a0 Prof. Ana Valeria Pezzini FORMACI\u00d3N DOCENTE INICIAL:\u00a0Prof.\u00a0Liliana Vedia. \u00c1REA DE FORMACI\u00d3N DE FORMADORES:\u00a0Prof. Rodolfo Reiloba. INVESTIGACI\u00d3N: Prof. Ana Valeria Ruiz. COORDINACI\u00d3N DE LA PR\u00c1CTICA PEP: Prof. Emilce Cano COORDINACI\u00d3N DE LA PR\u00c1CTICA PEI: Prof. Ivana Gordillo &nbsp; \u00a0 CONSEJO \u00a0ACAD\u00c9MICO:\u00a0 Conformado por: &#8230; <a title=\"Equipo de Conducci\u00f3n\" class=\"read-more\" href=\"https:\/\/ensfjsmo-sjn.infd.edu.ar\/sitio\/equipo-de-conduccion\/\" aria-label=\"More on Equipo de Conducci\u00f3n\">[+]<\/a><\/p>\n","protected":false},"author":78,"featured_media":0,"parent":0,"menu_order":0,"comment_status":"closed","ping_status":"closed","template":"","meta":[],"acf":[],"_links":{"self":[{"href":"https:\/\/ensfjsmo-sjn.infd.edu.ar\/sitio\/wp-json\/wp\/v2\/pages\/895"}],"collection":[{"href":"https:\/\/ensfjsmo-sjn.infd.edu.ar\/sitio\/wp-json\/wp\/v2\/pages"}],"about":[{"href":"https:\/\/ensfjsmo-sjn.infd.edu.ar\/sitio\/wp-json\/wp\/v2\/types\/page"}],"author":[{"embeddable":true,"href":"https:\/\/ensfjsmo-sjn.infd.edu.ar\/sitio\/wp-json\/wp\/v2\/users\/78"}],"replies":[{"embeddable":true,"href":"https:\/\/ensfjsmo-sjn.infd.edu.ar\/sitio\/wp-json\/wp\/v2\/comments?post=895"}],"version-history":[{"count":4,"href":"https:\/\/ensfjsmo-sjn.infd.edu.ar\/sitio\/wp-json\/wp\/v2\/pages\/895\/revisions"}],"predecessor-version":[{"id":1098,"href":"https:\/\/ensfjsmo-sjn.infd.edu.ar\/sitio\/wp-json\/wp\/v2\/pages\/895\/revisions\/1098"}],"wp:attachment":[{"href":"https:\/\/ensfjsmo-sjn.infd.edu.ar\/sitio\/wp-json\/wp\/v2\/media?parent=895"}],"curies":[{"name":"wp","href":"https:\/\/api.w.org\/{rel}","templated":true}]}}