{"id":915,"date":"2018-08-31T14:57:15","date_gmt":"2018-08-31T17:57:15","guid":{"rendered":"https:\/\/ensfjsmo-sjn.infd.edu.ar\/sitio\/feria-del-libro\/"},"modified":"2020-03-26T11:06:33","modified_gmt":"2020-03-26T14:06:33","slug":"feria-del-libro","status":"publish","type":"page","link":"https:\/\/ensfjsmo-sjn.infd.edu.ar\/sitio\/feria-del-libro\/","title":{"rendered":"Feria del Libro 2016"},"content":{"rendered":"<p style=\"text-align: justify;\"><span style=\"font-family: book antiqua,palatino; font-size: 12pt;\">Resoluci\u00f3n ministerial N\u00b0 5069-ME-2015.<\/span><\/p>\n<p style=\"text-align: justify;\"><span style=\"font-family: book antiqua,palatino; font-size: 12pt;\">Se realiz\u00f3 el d\u00eda jueves 03 de noviembre de 2016 en la Escuela Normal Superior Fray Justo Santa Mar\u00eda de Oro. En el marco de esta feria se llevaron a cabo las siguientes actividades:<\/span><\/p>\n<ul>\n<li style=\"text-align: justify;\"><span style=\"font-family: book antiqua,palatino; font-size: 12pt;\">Exposiciones de libros por parte de la biblioteca de la instituci\u00f3n organizada por \u00e1reas disciplinares,<\/span><\/li>\n<li style=\"text-align: justify;\"><span style=\"font-family: book antiqua,palatino; font-size: 12pt;\">Exposici\u00f3n de bibliograf\u00eda de la Biblioteca popular Domingo Faustino Sarmiento, y de la editorial Poderosa\u00a0 Lectura.<\/span><\/li>\n<li style=\"text-align: justify;\"><span style=\"font-family: book antiqua,palatino; font-size: 12pt;\">Obras teatrales coordinadas y ejecutadas por estudiantes de PEP y PEI para alumnos de primaria de escuelas asociadas.<\/span><\/li>\n<li style=\"text-align: justify;\"><span style=\"font-family: book antiqua,palatino; font-size: 12pt;\">Taller de susurradores para ni\u00f1os y para estudiantes de nivel superior<\/span><\/li>\n<li style=\"text-align: justify;\"><span style=\"font-family: book antiqua,palatino; font-size: 12pt;\">Taller de construcci\u00f3n de libros artesanales para estudiantes de Nivel superior.<\/span><\/li>\n<li style=\"text-align: justify;\"><span style=\"font-family: book antiqua,palatino; font-size: 12pt;\">Exposici\u00f3n de software educativo para ni\u00f1os y maestros de primaria.<\/span><\/li>\n<li style=\"text-align: justify;\"><span style=\"font-family: book antiqua,palatino; font-size: 12pt;\">Obra de teatro experimental \u201cLAMIA\u201d para estudiantes y docentes de Nivel Superior.<\/span><\/li>\n<\/ul>\n<p style=\"text-align: center;\">\n<p><img decoding=\"async\" loading=\"lazy\" style=\"display: block; margin-left: auto; margin-right: auto;\" title=\"\" src=\"https:\/\/ensfjsmo-sjn.infd.edu.ar\/sitio\/wp-content\/uploads\/2018\/08\/DSCN8213.jpg\" alt=\"\" width=\"451\" height=\"281\" border=\"0\" \/><\/p>\n<p><img decoding=\"async\" style=\"display: block; margin-left: auto; margin-right: auto;\" title=\"\" src=\"https:\/\/ensfjsmo-sjn.infd.edu.ar\/sitio\/wp-content\/uploads\/2018\/08\/DSCN8219.jpg\" alt=\"\" border=\"0\" \/><\/p>\n<p>&nbsp;<\/p>\n<p><img decoding=\"async\" style=\"display: block; margin-left: auto; margin-right: auto;\" title=\"\" src=\"https:\/\/ensfjsmo-sjn.infd.edu.ar\/sitio\/wp-content\/uploads\/2018\/08\/DSCN8248.jpg\" alt=\"\" border=\"0\" \/><\/p>\n<p><img decoding=\"async\" style=\"display: block; margin-left: auto; margin-right: auto;\" title=\"\" src=\"https:\/\/ensfjsmo-sjn.infd.edu.ar\/sitio\/wp-content\/uploads\/2018\/08\/DSCN8270.jpg\" alt=\"\" border=\"0\" \/><\/p>\n<p><img decoding=\"async\" style=\"display: block; margin-left: auto; margin-right: auto;\" title=\"\" src=\"https:\/\/ensfjsmo-sjn.infd.edu.ar\/sitio\/wp-content\/uploads\/2018\/08\/DSCN8289.jpg\" alt=\"\" border=\"0\" \/><\/p>\n<p><img decoding=\"async\" style=\"display: block; margin-left: auto; margin-right: auto;\" title=\"\" src=\"https:\/\/ensfjsmo-sjn.infd.edu.ar\/sitio\/wp-content\/uploads\/2018\/08\/DSCN8300.jpg\" alt=\"\" border=\"0\" \/><\/p>\n<p><img decoding=\"async\" style=\"display: block; margin-left: auto; margin-right: auto;\" title=\"\" src=\"https:\/\/ensfjsmo-sjn.infd.edu.ar\/sitio\/wp-content\/uploads\/2018\/08\/DSCN8357.jpg\" alt=\"\" border=\"0\" \/><\/p>\n<p><img decoding=\"async\" style=\"display: block; margin-left: auto; margin-right: auto;\" title=\"\" src=\"https:\/\/ensfjsmo-sjn.infd.edu.ar\/sitio\/wp-content\/uploads\/2018\/08\/DSCN8314.jpg\" alt=\"\" border=\"0\" \/><\/p>\n<p><img decoding=\"async\" style=\"display: block; margin-left: auto; margin-right: auto;\" title=\"\" src=\"https:\/\/ensfjsmo-sjn.infd.edu.ar\/sitio\/wp-content\/uploads\/2018\/08\/DSCN8318.jpg\" alt=\"\" border=\"0\" \/><\/p>\n<p><img decoding=\"async\" style=\"display: block; margin-left: auto; margin-right: auto;\" title=\"\" src=\"https:\/\/ensfjsmo-sjn.infd.edu.ar\/sitio\/wp-content\/uploads\/2018\/08\/DSCN8338.jpg\" alt=\"\" border=\"0\" \/><\/p>\n<p>&nbsp;<\/p>\n","protected":false},"excerpt":{"rendered":"<p>Resoluci\u00f3n ministerial N\u00b0 5069-ME-2015. Se realiz\u00f3 el d\u00eda jueves 03 de noviembre de 2016 en la Escuela Normal Superior Fray Justo Santa Mar\u00eda de Oro. En el marco de esta feria se llevaron a cabo las siguientes actividades: Exposiciones de libros por parte de la biblioteca de la instituci\u00f3n organizada por \u00e1reas disciplinares, Exposici\u00f3n de &#8230; <a title=\"Feria del Libro 2016\" class=\"read-more\" href=\"https:\/\/ensfjsmo-sjn.infd.edu.ar\/sitio\/feria-del-libro\/\" aria-label=\"More on Feria del Libro 2016\">[+]<\/a><\/p>\n","protected":false},"author":78,"featured_media":0,"parent":0,"menu_order":0,"comment_status":"closed","ping_status":"closed","template":"","meta":[],"acf":[],"_links":{"self":[{"href":"https:\/\/ensfjsmo-sjn.infd.edu.ar\/sitio\/wp-json\/wp\/v2\/pages\/915"}],"collection":[{"href":"https:\/\/ensfjsmo-sjn.infd.edu.ar\/sitio\/wp-json\/wp\/v2\/pages"}],"about":[{"href":"https:\/\/ensfjsmo-sjn.infd.edu.ar\/sitio\/wp-json\/wp\/v2\/types\/page"}],"author":[{"embeddable":true,"href":"https:\/\/ensfjsmo-sjn.infd.edu.ar\/sitio\/wp-json\/wp\/v2\/users\/78"}],"replies":[{"embeddable":true,"href":"https:\/\/ensfjsmo-sjn.infd.edu.ar\/sitio\/wp-json\/wp\/v2\/comments?post=915"}],"version-history":[{"count":1,"href":"https:\/\/ensfjsmo-sjn.infd.edu.ar\/sitio\/wp-json\/wp\/v2\/pages\/915\/revisions"}],"predecessor-version":[{"id":1181,"href":"https:\/\/ensfjsmo-sjn.infd.edu.ar\/sitio\/wp-json\/wp\/v2\/pages\/915\/revisions\/1181"}],"wp:attachment":[{"href":"https:\/\/ensfjsmo-sjn.infd.edu.ar\/sitio\/wp-json\/wp\/v2\/media?parent=915"}],"curies":[{"name":"wp","href":"https:\/\/api.w.org\/{rel}","templated":true}]}}