{"id":919,"date":"2018-08-31T14:57:17","date_gmt":"2018-08-31T17:57:17","guid":{"rendered":"https:\/\/ensfjsmo-sjn.infd.edu.ar\/sitio\/grado\/"},"modified":"2020-03-17T19:05:50","modified_gmt":"2020-03-17T22:05:50","slug":"grado","status":"publish","type":"page","link":"https:\/\/ensfjsmo-sjn.infd.edu.ar\/sitio\/grado\/","title":{"rendered":"Formaci\u00f3n Inicial"},"content":{"rendered":"<p style=\"text-align: center;\"><em><strong>Talleres de Matem\u00e1tica.\u00a0 2018 &#8211; 2019<\/strong><\/em><\/p>\n<p><strong>\u00a0\u201cConstruyendo matem\u00e1tica\u201d. Una aproximaci\u00f3n l\u00fadica a los conceptos prioritarios del \u00e1rea matem\u00e1tica.\u00a0<\/strong><\/p>\n<p style=\"text-align: right;\">Prof. Celina Maturano<\/p>\n<p><strong>\u201cConstruyendo matem\u00e1tica\u201d. Una aproximaci\u00f3n desde las nuevas tecnolog\u00edas a los conceptos prioritarios del \u00e1rea matem\u00e1tica<\/strong>\u201d<\/p>\n<p style=\"text-align: right;\">Profesora Celina Maturano<\/p>\n<p>&nbsp;<\/p>\n<p><strong>\u00abPrimeros pasos en la Geometr\u00eda y la Medida\u00bb<\/strong><\/p>\n<p style=\"text-align: right;\">Profesora Daniela Camposano<\/p>\n<p>&nbsp;<\/p>\n<p><strong>\u00a0\u00abEnse\u00f1anza de la Geometr\u00eda: de lo concreto a las TIC\u00bb<\/strong><\/p>\n<p style=\"text-align: right;\">\u00a0 \u00a0 \u00a0 \u00a0 Profesora Daniela Camposano.<\/p>\n<p>Objetivos<\/p>\n<ul>\n<li>Retomar y afianzar los saberes matem\u00e1ticos considerados prioritarios para la construcci\u00f3n de saberes m\u00e1s complejos<\/li>\n<li>Valorar el aporte del abordaje de la matem\u00e1tica desde lo l\u00fadico y desde lo digital<\/li>\n<li>Analizar y compartir herramientas did\u00e1cticas que permitan realizar nuevos lecturas de la pr\u00e1ctica de la ense\u00f1anza de la matem\u00e1tica.<\/li>\n<li>Analizar y compartir recursos proporcionados por las TIC que permitan realizar nuevos lecturas de los conceptos matem\u00e1ticos<\/li>\n<li>Explorar y utilizar recursos tecnol\u00f3gicos para la construcci\u00f3n de conocimiento matem\u00e1tico.<\/li>\n<li>Construir y usar material did\u00e1ctico para el dise\u00f1o de situaciones did\u00e1cticas y su implementaci\u00f3n en el aula, adecuados a las necesidades del contexto.<\/li>\n<\/ul>\n<p>&nbsp;<\/p>\n<p style=\"text-align: center;\"><img decoding=\"async\" loading=\"lazy\" class=\"alignnone size-full wp-image-1000\" src=\"https:\/\/ensfjsmo-sjn.infd.edu.ar\/sitio\/wp-content\/uploads\/2020\/03\/matematica-feria-2.jpg\" alt=\"\" width=\"200\" height=\"200\" \/>\u00a0 \u00a0 \u00a0\u00a0 <img decoding=\"async\" loading=\"lazy\" class=\"alignnone size-medium wp-image-1001\" src=\"https:\/\/ensfjsmo-sjn.infd.edu.ar\/sitio\/wp-content\/uploads\/2020\/03\/matematica-feria-3.jpg\" alt=\"\" width=\"200\" height=\"200\" \/>\u00a0 \u00a0 <img decoding=\"async\" loading=\"lazy\" class=\"alignnone size-medium wp-image-1002\" src=\"https:\/\/ensfjsmo-sjn.infd.edu.ar\/sitio\/wp-content\/uploads\/2020\/03\/matematica-feria-4.jpg\" alt=\"\" width=\"200\" height=\"200\" \/>\u00a0 \u00a0\u00a0\u00a0<img decoding=\"async\" loading=\"lazy\" class=\"alignnone size-medium wp-image-1003\" src=\"https:\/\/ensfjsmo-sjn.infd.edu.ar\/sitio\/wp-content\/uploads\/2020\/03\/matematica-feria.jpg\" alt=\"\" width=\"200\" height=\"200\" \/><\/p>\n<p>&nbsp;<\/p>\n<p><span style=\"font-family: book antiqua,palatino; font-size: 12pt;\"><strong>Jornadas de teatro debate:<\/strong><\/span><\/p>\n<p style=\"text-align: justify;\"><span style=\"font-family: book antiqua,palatino; font-size: 12pt;\">El jueves 29 de septiembre de 2016 a las 20hs. Se desarroll\u00f3 el Espect\u00e1culo teatral y debate: \u201cVioleta Clandestina\u201d y \u201cArtefacto Pi\u201d a cargo de la compa\u00f1\u00eda teatral sanjuanina \u201cAuxocromo\u201d. Esta actividad estuvo dirigida a estudiantes y profesores del Nivel Superior. Las obras se enmarcan en el formato de teatro experimental, luego de la ejecuci\u00f3n de la obra se realiz\u00f3 un desmontaje, un espacio para el debate entre actores y p\u00fablico presente. La obra fue subsidiada por el Instituto Nacional del Teatro.<\/span><\/p>\n<p>&nbsp;<\/p>\n<p>&nbsp;<\/p>\n<p><span style=\"font-family: book antiqua,palatino; font-size: 12pt;\">Ficha t\u00e9cnica de las obras:<\/span><\/p>\n<p><span style=\"font-family: book antiqua,palatino; font-size: 12pt;\"><strong>\u00a0<\/strong><\/span><\/p>\n<p><span style=\"font-family: book antiqua,palatino; font-size: 12pt;\"><strong>\u00abVIOLETA CLANDESTINA\u00bb:<br \/>\n<\/strong><\/span><\/p>\n<p style=\"text-align: justify;\"><span style=\"font-family: book antiqua,palatino; font-size: 12pt;\">De Mar\u00eda Gabriela Ini.<\/span><\/p>\n<p style=\"text-align: justify;\"><span style=\"font-family: book antiqua,palatino; font-size: 12pt;\">Drama\/ 40minutos.<\/span><\/p>\n<p style=\"text-align: justify;\"><span style=\"font-family: book antiqua,palatino; font-size: 12pt;\">Direcci\u00f3n, puesta en escena, actuaci\u00f3n: Jennifer Pi\u00f1ero, Jes\u00fas Ojeda.<\/span><\/p>\n<p style=\"text-align: justify;\"><span style=\"font-family: book antiqua,palatino; font-size: 12pt;\">Fines pedag\u00f3gicos: este espect\u00e1culo trata\u00a0 sobre la apropiaci\u00f3n de ni\u00f1os durante la \u00faltima dictadura militar y el v\u00ednculo entre una ni\u00f1a y su apropiador. C\u00f3mo se intercambian los roles entre v\u00edctima y victimario en circunstancias extremas. No sirve para reflexionar y tener presente en nuestra memoria los hechos desoladores a nivel humano que ocurrieron durante la dictadura.<\/span><\/p>\n<p><span style=\"font-family: book antiqua,palatino; font-size: 12pt;\">\u00a0<\/span><\/p>\n<p><span style=\"font-family: book antiqua,palatino; font-size: 12pt;\">\u00a0<img decoding=\"async\" style=\"display: block; margin-left: auto; margin-right: auto;\" title=\"\" src=\"https:\/\/ensfjsmo-sjn.infd.edu.ar\/sitio\/wp-content\/uploads\/2018\/08\/Violeta.jpg\" alt=\"\" border=\"0\" \/><\/span><\/p>\n<p><span style=\"font-family: book antiqua,palatino; font-size: 12pt;\">\u00a0<\/span><\/p>\n<p><span style=\"font-family: book antiqua,palatino; font-size: 12pt;\"><strong>\u00abARTEFACTO PI\u00bb:<br \/>\n<\/strong><\/span><\/p>\n<p><span style=\"font-family: book antiqua,palatino; font-size: 12pt;\">Duraci\u00f3n: 60 minutos<\/span><\/p>\n<p style=\"text-align: justify;\"><span style=\"font-family: book antiqua,palatino; font-size: 12pt;\">Act\u00faan: Sirly Adarvez, Andr\u00e9s Masi, Eduardo P\u00e9rez, Jes\u00fas Ojeda, Jennifer C P<\/span><\/p>\n<p style=\"text-align: justify;\"><span style=\"font-family: book antiqua,palatino; font-size: 12pt;\">Fines pedag\u00f3gicos: Este espect\u00e1culo hace una referencia a los v\u00ednculos familiares en un hogar donde los padres est\u00e1n ausentes y c\u00f3mo se van configurando dichos v\u00ednculos. Tambi\u00e9n se reflexiona sobre c\u00f3mo la tecnolog\u00eda en el entorno familiar va absorbiendo a los miembros de la familia terminando por aislarlos e incomunicarlos.<\/span><\/p>\n<p><span style=\"font-family: book antiqua,palatino; font-size: 12pt;\"><img decoding=\"async\" style=\"display: block; margin-left: auto; margin-right: auto;\" title=\"\" src=\"https:\/\/ensfjsmo-sjn.infd.edu.ar\/sitio\/wp-content\/uploads\/2018\/08\/Artefacto_Pi.jpg\" alt=\"\" border=\"0\" \/><\/span><\/p>\n<p><span style=\"font-family: book antiqua,palatino; font-size: 12pt;\"><strong>\u201cPROHIBIDAS\u201d:<\/strong><\/span><\/p>\n<p style=\"text-align: justify;\"><span style=\"font-family: book antiqua,palatino; font-size: 12pt;\">PROYECTO TEATRO PARA TOMAR CONCIENCIA.<\/span><\/p>\n<p style=\"text-align: justify;\"><span style=\"font-family: book antiqua,palatino; font-size: 12pt;\">CASTRO, CAROLINA (Profesora de Artes Visuales. Actriz. Directora de teatro).<\/span><\/p>\n<p style=\"text-align: justify;\"><span style=\"font-family: book antiqua,palatino; font-size: 12pt;\">ESPINOSA ALBERTO (Soci\u00f3logo. Actor. Director de teatro. Escen\u00f3grafo).<\/span><\/p>\n<p style=\"text-align: justify;\"><span style=\"font-family: book antiqua,palatino; font-size: 12pt;\">Act\u00faan: Florencia Illanes, Ayel\u00e9n Narvaez, Carolina Castro, Alberto Espinosa.<\/span><\/p>\n<p style=\"text-align: justify;\"><span style=\"font-family: book antiqua,palatino; font-size: 12pt;\">Direcci\u00f3n, dramaturgia y puesta en escena: Carolina Castro y Alberto Espinosa.<\/span><\/p>\n<p><span style=\"font-family: book antiqua,palatino; font-size: 12pt;\">\u00a0<\/span><\/p>\n<p><span style=\"font-family: book antiqua,palatino; font-size: 12pt;\">FUNDAMENTACI\u00d3N:<\/span><\/p>\n<p style=\"text-align: justify;\"><span style=\"font-family: book antiqua,palatino; font-size: 12pt;\">\u00a0\u201cProhibidas\u201d es una obra de teatro, que parte de un laboratorio teatral experimental, intenta movilizar las estructuras de percepci\u00f3n y entendimiento de los espectadores, para iniciar un cambio que permita visibilizar la violencia simb\u00f3lica y sus mecanismos. Esta violencia es la que hace producir y reproducir en la gente los mandatos del patriarcado, la creencia en la superioridad masculina y la inferioridad femenina que afecta las relaciones humanas y tiene como efectos extremos violencia dom\u00e9stica y femicidios, entre otros. Uno de los aspectos de esta obra es la violencia de la mujer contra la misma mujer, abortando\u00a0 toda posibilidad de uni\u00f3n y solidaridad en una hipot\u00e9tica lucha por la defensa del g\u00e9nero.<\/span><\/p>\n<p style=\"text-align: justify;\"><span style=\"font-family: book antiqua,palatino; font-size: 12pt;\">Duraci\u00f3n de la obra: 35 minutos.<\/span><\/p>\n","protected":false},"excerpt":{"rendered":"<p>Talleres de Matem\u00e1tica.\u00a0 2018 &#8211; 2019 \u00a0\u201cConstruyendo matem\u00e1tica\u201d. Una aproximaci\u00f3n l\u00fadica a los conceptos prioritarios del \u00e1rea matem\u00e1tica.\u00a0 Prof. Celina Maturano \u201cConstruyendo matem\u00e1tica\u201d. Una aproximaci\u00f3n desde las nuevas tecnolog\u00edas a los conceptos prioritarios del \u00e1rea matem\u00e1tica\u201d Profesora Celina Maturano &nbsp; \u00abPrimeros pasos en la Geometr\u00eda y la Medida\u00bb Profesora Daniela Camposano &nbsp; \u00a0\u00abEnse\u00f1anza de la &#8230; <a title=\"Formaci\u00f3n Inicial\" class=\"read-more\" href=\"https:\/\/ensfjsmo-sjn.infd.edu.ar\/sitio\/grado\/\" aria-label=\"More on Formaci\u00f3n Inicial\">[+]<\/a><\/p>\n","protected":false},"author":78,"featured_media":0,"parent":0,"menu_order":0,"comment_status":"closed","ping_status":"closed","template":"","meta":[],"acf":[],"_links":{"self":[{"href":"https:\/\/ensfjsmo-sjn.infd.edu.ar\/sitio\/wp-json\/wp\/v2\/pages\/919"}],"collection":[{"href":"https:\/\/ensfjsmo-sjn.infd.edu.ar\/sitio\/wp-json\/wp\/v2\/pages"}],"about":[{"href":"https:\/\/ensfjsmo-sjn.infd.edu.ar\/sitio\/wp-json\/wp\/v2\/types\/page"}],"author":[{"embeddable":true,"href":"https:\/\/ensfjsmo-sjn.infd.edu.ar\/sitio\/wp-json\/wp\/v2\/users\/78"}],"replies":[{"embeddable":true,"href":"https:\/\/ensfjsmo-sjn.infd.edu.ar\/sitio\/wp-json\/wp\/v2\/comments?post=919"}],"version-history":[{"count":5,"href":"https:\/\/ensfjsmo-sjn.infd.edu.ar\/sitio\/wp-json\/wp\/v2\/pages\/919\/revisions"}],"predecessor-version":[{"id":1068,"href":"https:\/\/ensfjsmo-sjn.infd.edu.ar\/sitio\/wp-json\/wp\/v2\/pages\/919\/revisions\/1068"}],"wp:attachment":[{"href":"https:\/\/ensfjsmo-sjn.infd.edu.ar\/sitio\/wp-json\/wp\/v2\/media?parent=919"}],"curies":[{"name":"wp","href":"https:\/\/api.w.org\/{rel}","templated":true}]}}