{"id":921,"date":"2018-08-31T14:57:17","date_gmt":"2018-08-31T17:57:17","guid":{"rendered":"https:\/\/ensfjsmo-sjn.infd.edu.ar\/sitio\/formacion-de-formadores\/"},"modified":"2021-03-17T11:11:35","modified_gmt":"2021-03-17T14:11:35","slug":"formacion-de-formadores","status":"publish","type":"page","link":"https:\/\/ensfjsmo-sjn.infd.edu.ar\/sitio\/formacion-de-formadores\/","title":{"rendered":"Desarrollo Profesional Docente"},"content":{"rendered":"<p style=\"text-align: center;\"><strong><span style=\"font-family: book antiqua,palatino; font-size: 12pt;\">Cursos 2018<\/span><\/strong><\/p>\n<p><span style=\"font-size: 14pt; color: #333399;\"><strong><span style=\"font-family: 'book antiqua', palatino;\">&#8211; Incorporaci\u00f3n de las TIC en la Educaci\u00f3n Primaria.<\/span><\/strong><\/span><\/p>\n<p><span style=\"font-family: 'book antiqua', palatino;\">Cantidad de horas: 40hs.<\/span><\/p>\n<p><span style=\"font-family: 'book antiqua', palatino;\">Resoluci\u00f3n: <a title=\"Resoluci\u00f3n 6305-ME-2017\" href=\"upload\/Resolucion_6305-ME-2017.pdf\" target=\"_blank\" rel=\"noopener\">6305-ME-2017<\/a>.<\/span><\/p>\n<p><span style=\"font-family: 'book antiqua', palatino;\">Fecha de Inicio: 14\/05\/18.<\/span><\/p>\n<p style=\"text-align: justify;\"><span style=\"font-family: 'book antiqua', palatino, serif;\">Objetivo:\u00a0Contribuir a la incorporaci\u00f3n de las TIC por parte de los docentes en sus pr\u00e1cticas cotidianas, para favorecer y enriquecer el aprendizaje en alumnos del nivel primario.<\/span><\/p>\n<p style=\"text-align: justify;\"><span style=\"font-family: 'book antiqua', palatino, serif;\">Descripci\u00f3n: El prop\u00f3sito de esta oferta consiste en propiciar la incorporaci\u00f3n de las TIC como herramientas indispensables en las tareas de ense\u00f1anza y aprendizaje, permitiendo a los docentes enriquecer sus propuestas \u00e1ulicas y ofreciendo escenarios significativos a sus estudiantes con apoyo de estas tecnolog\u00edas.<\/span><br \/>\n<span style=\"font-family: 'book antiqua', palatino, serif;\">En este sentido, esta oferta apunta a conocer y emplear las Aulas Digitales M\u00f3viles (ADM) provistas por el programa Primaria Digital, ofreciendo oportunidades de aprovechamiento de los recursos con los que disponen las instituciones educativas.<\/span><\/p>\n<p style=\"text-align: justify;\"><span style=\"text-decoration: underline;\"><strong><span style=\"font-family: 'book antiqua', palatino, serif;\">Materiales de los encuentros:<\/span><\/strong><\/span><\/p>\n<p style=\"text-align: justify;\"><span style=\"font-family: 'book antiqua', palatino, serif;\">Encuentro N\u00b0 1:\u00a0<\/span><\/p>\n<ul>\n<li><span style=\"font-family: 'book antiqua', palatino, serif;\"><a title=\"Consignas TP 1_TIC_EP2018\" href=\"upload\/TP1.pdf\" target=\"_blank\" rel=\"noopener\">Consignas de trabajo<\/a>.<\/span><\/li>\n<li><span style=\"font-family: 'book antiqua', palatino, serif;\"><a title=\"Manual ADM_TICEP_2018\" href=\"upload\/Instructivo-Instalacion.pdf\" target=\"_blank\" rel=\"noopener\">Material de lectura<\/a>.<\/span><\/li>\n<\/ul>\n<p style=\"text-align: justify;\"><span style=\"font-family: 'book antiqua', palatino, serif;\">Encuentro N\u00b0 2:\u00a0<\/span><\/p>\n<ul>\n<li><span style=\"font-family: 'book antiqua', palatino, serif;\"><a title=\"Trabajo Pr\u00e1ctico N\u00b0 2\" href=\"upload\/TP2.pdf\" target=\"_blank\" rel=\"noopener\">Consignas de trabajo<\/a>.<\/span><\/li>\n<li><span style=\"font-family: 'book antiqua', palatino, serif;\">Material de lectura:\u00a0<\/span>\n<ul>\n<li style=\"text-align: justify;\"><span style=\"font-family: 'book antiqua', palatino, serif;\"><a title=\"E2_EP_Recursos\" href=\"upload\/Recursos_herramientas_y_soportes_TIC.pdf\" target=\"_blank\" rel=\"noopener\">Recursos, herramientas y soportes TIC<\/a>. Especializaci\u00f3n docente de nivel superior en educaci\u00f3n y TIC. P\u00e1ginas 3 a 9.<\/span><\/li>\n<li style=\"text-align: justify;\"><span style=\"font-family: 'book antiqua', palatino, serif;\"><a title=\"E2_EP_Ejemplos\" href=\"upload\/Ejemplos_de_Planificaciones_con_uso_de_TIC.pdf\" target=\"_blank\" rel=\"noopener\">Ejemplo de planificaciones con uso de TIC<\/a>. Ministerio de Educaci\u00f3n de Chile.<\/span><\/li>\n<li style=\"text-align: justify;\"><span style=\"font-family: 'book antiqua', palatino, serif;\"><a title=\"E2_EP_Recursos y herramientas\" href=\"upload\/Recursos_y_aplicaciones_de_las_netbook_de_Primaria_Digital.pdf\" target=\"_blank\" rel=\"noopener\">Recursos y aplicaciones de las netbooks de Primaria Digital<\/a>. Plan Nacional Integral de Educaci\u00f3n Digital.<\/span><\/li>\n<\/ul>\n<\/li>\n<\/ul>\n<p>&nbsp;<\/p>\n<p style=\"text-align: justify;\"><span style=\"font-family: 'book antiqua', palatino, serif;\">Encuentro N\u00b0 3:\u00a0<\/span><\/p>\n<ul>\n<li><span style=\"font-family: 'book antiqua', palatino, serif;\"><a title=\"E3_EP_TP N\u00b0 3\" href=\"upload\/TP3.pdf\" target=\"_blank\" rel=\"noopener\">Consignas de trabajo<\/a>.<\/span><\/li>\n<li><span style=\"font-family: 'book antiqua', palatino, serif;\">Material de lectura:\u00a0<\/span>\n<ul>\n<li><span style=\"font-family: 'book antiqua', palatino, serif;\"><a title=\"E3_EP_Modelo TPACK\" href=\"upload\/EyAT_clase3.pdf\" target=\"_blank\" rel=\"noopener\">Modelo TPACK<\/a>.\u00a0Especializaci\u00f3n docente de nivel superior en educaci\u00f3n y TIC. P\u00e1ginas\u00a06 a 12.<\/span><\/li>\n<\/ul>\n<\/li>\n<\/ul>\n<p>&nbsp;<\/p>\n<p style=\"text-align: justify;\"><span style=\"font-family: 'book antiqua', palatino, serif;\">Encuentro N\u00b0 4:\u00a0<\/span><\/p>\n<ul>\n<li><span style=\"font-family: 'book antiqua', palatino, serif;\">Material de lectura:\u00a0<\/span>\n<ul>\n<li><span style=\"font-family: 'book antiqua', palatino, serif;\"><a title=\"E4_EP_Consginas\" href=\"upload\/CARACTERISTICAS_DE_LAS_CONSIGNAS_AUTENTICAS_Y_SIGNIFICATIVAS.pdf\" target=\"_blank\" rel=\"noopener\">Sugerencias para la elaboraci\u00f3n de consginas aut\u00e9nticas y significativas.<\/a><\/span><\/li>\n<\/ul>\n<\/li>\n<\/ul>\n<p style=\"text-align: justify;\"><strong><span style=\"font-family: 'book antiqua', palatino, serif;\">Encuentro N\u00b0\u00a05: 02\/07\/18 .<\/span><\/strong><\/p>\n<ul>\n<li style=\"list-style-type: none;\">\n<ul>\n<li><span style=\"font-family: 'book antiqua', palatino, serif;\">Revisar el material de lectura.<\/span><\/li>\n<li><span style=\"font-family: 'book antiqua', palatino, serif;\">Dise\u00f1o e implementaci\u00f3n de secuencia did\u00e1ctica con incorporaci\u00f3n de TIC.<\/span><\/li>\n<\/ul>\n<\/li>\n<\/ul>\n<p><span style=\"font-family: 'book antiqua', palatino, serif;\">\u00a0<\/span><\/p>\n<p style=\"text-align: justify;\"><span style=\"font-family: 'book antiqua', palatino, serif;\">Trabajo Pr\u00e1ctico Complementairio:\u00a0<\/span><\/p>\n<ul>\n<li><span style=\"font-family: 'book antiqua', palatino, serif;\"><a title=\"Trabajo Pr\u00e1ctico Complementario\" href=\"upload\/TP_Complementario.pdf\" target=\"_blank\" rel=\"noopener\">Consignas de trabajo<\/a>.<\/span><\/li>\n<\/ul>\n<p>&nbsp;<\/p>\n<hr \/>\n<p><span style=\"font-size: 14pt; color: #333399;\">\u00a0<strong><span style=\"font-family: 'book antiqua', palatino;\">&#8211; Los rincones tecnol\u00f3gicos en la Educaci\u00f3n Inicial.<\/span><\/strong><\/span><\/p>\n<p><span style=\"font-family: 'book antiqua', palatino, serif; font-size: 12pt;\">Cantidad de horas: 40hs.<\/span><\/p>\n<p><span style=\"font-family: 'book antiqua', palatino, serif; font-size: 12pt;\">Resoluci\u00f3n: <a title=\"Resoluci\u00f3n 6305-ME-2017\" href=\"upload\/Resolucion_6305-ME-2017.pdf\" target=\"_blank\" rel=\"noopener\">6305-ME-2017<\/a>.<\/span><\/p>\n<p><span style=\"font-family: 'book antiqua', palatino, serif; font-size: 12pt;\">Fecha de Inicio: 14\/05\/18.<\/span><\/p>\n<p style=\"text-align: justify;\"><span style=\"font-family: 'book antiqua', palatino, serif; font-size: 12pt;\">Objetivo:\u00a0Comprender la importancia de innovar las propuestas \u00e1ulicas en la Educaci\u00f3n Inicial a trav\u00e9s de la inclusi\u00f3n de las TIC, empleando los rincones tecnol\u00f3gicos en los procesos de ense\u00f1anza y aprendizaje.<\/span><\/p>\n<p><span style=\"font-family: 'book antiqua', palatino, serif; font-size: 12pt;\">Esta oferta formativa pretende brindar un marco de acci\u00f3n para que los docentes puedan incluir las TIC en sus salas, conformando un rinc\u00f3n de suma relevancia para el nivel, el rinc\u00f3n tecnol\u00f3gico. De este modo, tanto docentes del nivel como la instituci\u00f3n, pueden adaptar su realidad \u00e1ulica, tomando decisiones oportunas tendientes a la inclusi\u00f3n de las TIC, contribuyendo as\u00ed a la disminuci\u00f3n de la brecha digital. <\/span><br \/>\n<span style=\"font-family: 'book antiqua', palatino, serif; font-size: 12pt;\">Adem\u00e1s, permitir\u00eda que los docentes puedan desarrollar y\/o enriquecer las competencias digitales acordes al mundo en el que viven.<\/span><\/p>\n<p><span style=\"text-decoration: underline;\"><strong><span style=\"font-family: 'book antiqua', palatino, serif;\">Materiales de los encuentros:<\/span><\/strong><\/span><\/p>\n<p style=\"text-align: justify;\"><span style=\"font-family: 'book antiqua', palatino, serif;\">Encuentro N\u00b0 1:\u00a0<\/span><\/p>\n<ul>\n<li><span style=\"font-family: 'book antiqua', palatino, serif;\"><a title=\"Consignas TP 1_TICNI_2018\" href=\"upload\/TP1_1.pdf\" target=\"_blank\" rel=\"noopener\">Consignas de trabajo<\/a>.<\/span><\/li>\n<li><span style=\"font-family: 'book antiqua', palatino, serif;\">Material de lectura: <a title=\"E1_Capitulo1_TICNI_2018\" href=\"upload\/Capitulo1.pdf\" target=\"_blank\" rel=\"noopener\">Cap\u00edtulo 1<\/a>, <a title=\"E1_Capitulo2_TICNI_2018\" href=\"upload\/Capitulo2.pdf\" target=\"_blank\" rel=\"noopener\">Cap\u00edtulo 2<\/a>.<\/span><\/li>\n<\/ul>\n<p><span style=\"font-family: 'book antiqua', palatino, serif;\">\u00a0<\/span><\/p>\n<p style=\"text-align: justify;\"><span style=\"font-family: 'book antiqua', palatino, serif;\">Encuentro N\u00b0 2:\u00a0<\/span><\/p>\n<ul>\n<li><span style=\"font-family: 'book antiqua', palatino, serif;\"><a title=\"E3_EI_TP N\u00b0 2\" href=\"upload\/TP2_1.pdf\" target=\"_blank\" rel=\"noopener\">Consignas de trabajo<\/a>.<\/span><\/li>\n<\/ul>\n<p><span style=\"font-family: 'book antiqua', palatino, serif;\">\u00a0<\/span><\/p>\n<p><span style=\"font-family: 'book antiqua', palatino, serif;\">Encuentro N\u00b0 3:\u00a0<\/span><\/p>\n<ul>\n<li><span style=\"font-family: 'book antiqua', palatino, serif;\">Material de lectura:\u00a0<\/span>\n<ul>\n<li><span style=\"font-family: 'book antiqua', palatino, serif;\"><a title=\"E3_EI_Cap3_Rolandi\" href=\"upload\/Capitulo_3_Organizando_las_TIC_en_el_Nivel_Inicial.pdf\" target=\"_blank\" rel=\"noopener\">Rolandi, A. (2012). Cap\u00edtulo 3: Organizando las TIC en las salas<\/a>.<\/span><\/li>\n<li><span style=\"font-family: 'book antiqua', palatino, serif;\"><a title=\"E3_EI_Cap5_De Angelis\" href=\"upload\/Capitulo_5_Disen_o_de_proyectos_TIC.pdf\" target=\"_blank\" rel=\"noopener\">De Angelis, S. (2011). Cap\u00edtulo 5: Preparando el terreno: el dise\u00f1o de proyectos TIC<\/a>.<\/span><\/li>\n<li><span style=\"font-family: 'book antiqua', palatino, serif;\"><a title=\"E3_EI_Cap6_De Angelis\" href=\"upload\/Capitulo_6_Implementacion_de_proyectos_TIC.pdf\" target=\"_blank\" rel=\"noopener\">De Angelis, S. (2011). Cap\u00edtulo 6:\u00a0Del dicho al hecho: la implementaci\u00f3n de proyecto TIC<\/a>.<\/span><\/li>\n<\/ul>\n<\/li>\n<\/ul>\n<p><span style=\"font-family: 'book antiqua', palatino, serif;\">\u00a0<\/span><\/p>\n<p><span style=\"font-family: 'book antiqua', palatino, serif;\">Encuentro N\u00b0 4:\u00a0<\/span><\/p>\n<ul>\n<li><span style=\"font-family: 'book antiqua', palatino, serif;\">Material de lectura:\u00a0<\/span>\n<ul>\n<li><span style=\"font-family: 'book antiqua', palatino, serif;\"><a title=\"E4_EI_Evaluar\" href=\"upload\/Capitulo_7_Evaluar_para_mejorar_proyectos_con_TIC.pdf\" target=\"_blank\" rel=\"noopener\">De Angelis, S. (2011). Cap\u00edtulo 7: Evaluar para mejorar proyectos con TIC<\/a>.<\/span><\/li>\n<\/ul>\n<\/li>\n<\/ul>\n<p><span style=\"font-family: 'book antiqua', palatino, serif;\">\u00a0<\/span><\/p>\n<p><strong><span style=\"font-family: 'book antiqua', palatino, serif;\">Encuentro N\u00b0 5: 04\/07\/18.<\/span><\/strong><\/p>\n<ul>\n<li><span style=\"font-family: 'book antiqua', palatino, serif;\">Revisar el material de lectura.<\/span><\/li>\n<li><span style=\"font-family: 'book antiqua', palatino, serif;\">Dise\u00f1o e implementaci\u00f3n de\u00a0propuesta \u00e1ulica con incorporaci\u00f3n de TIC.<\/span><\/li>\n<\/ul>\n<p>&nbsp;<\/p>\n<hr \/>\n<p>&nbsp;<\/p>\n<p><span style=\"font-family: book antiqua,palatino; font-size: 12pt;\"><strong>Concurso de ascenso: Diciembre 2016 a julio de 2017<\/strong><\/span><\/p>\n<p style=\"text-align: justify;\"><span style=\"font-family: book antiqua,palatino; font-size: 12pt;\">Durante el primer semestre del ciclo lectivo 2017 el instituto superior de Formaci\u00f3n docente dar\u00e1 clases de consulta a los aspirantes en los distintos m\u00f3dulos para acompa\u00f1arlos en la lectura y trabajo de los materiales subidos a la p\u00e1gina web del ministerio de Educaci\u00f3n.<\/span><\/p>\n<p style=\"text-align: justify;\"><span style=\"font-family: book antiqua,palatino; font-size: 12pt;\">Profesoras tutoras del 1er m\u00f3dulo \u00abEstado, Educaci\u00f3n y Sociedad\u00bb.<\/span><\/p>\n<ul>\n<li><span style=\"font-family: book antiqua,palatino; font-size: 12pt;\">Prof. Eliana Luna.<\/span><\/li>\n<li><span style=\"font-family: book antiqua,palatino; font-size: 12pt;\">Prof. Valeria Pezzini.<\/span><\/li>\n<\/ul>\n","protected":false},"excerpt":{"rendered":"<p>Cursos 2018 &#8211; Incorporaci\u00f3n de las TIC en la Educaci\u00f3n Primaria. Cantidad de horas: 40hs. Resoluci\u00f3n: 6305-ME-2017. Fecha de Inicio: 14\/05\/18. Objetivo:\u00a0Contribuir a la incorporaci\u00f3n de las TIC por parte de los docentes en sus pr\u00e1cticas cotidianas, para favorecer y enriquecer el aprendizaje en alumnos del nivel primario. Descripci\u00f3n: El prop\u00f3sito de esta oferta consiste &#8230; <a title=\"Desarrollo Profesional Docente\" class=\"read-more\" href=\"https:\/\/ensfjsmo-sjn.infd.edu.ar\/sitio\/formacion-de-formadores\/\" aria-label=\"More on Desarrollo Profesional Docente\">[+]<\/a><\/p>\n","protected":false},"author":78,"featured_media":0,"parent":0,"menu_order":0,"comment_status":"closed","ping_status":"closed","template":"","meta":[],"acf":[],"_links":{"self":[{"href":"https:\/\/ensfjsmo-sjn.infd.edu.ar\/sitio\/wp-json\/wp\/v2\/pages\/921"}],"collection":[{"href":"https:\/\/ensfjsmo-sjn.infd.edu.ar\/sitio\/wp-json\/wp\/v2\/pages"}],"about":[{"href":"https:\/\/ensfjsmo-sjn.infd.edu.ar\/sitio\/wp-json\/wp\/v2\/types\/page"}],"author":[{"embeddable":true,"href":"https:\/\/ensfjsmo-sjn.infd.edu.ar\/sitio\/wp-json\/wp\/v2\/users\/78"}],"replies":[{"embeddable":true,"href":"https:\/\/ensfjsmo-sjn.infd.edu.ar\/sitio\/wp-json\/wp\/v2\/comments?post=921"}],"version-history":[{"count":2,"href":"https:\/\/ensfjsmo-sjn.infd.edu.ar\/sitio\/wp-json\/wp\/v2\/pages\/921\/revisions"}],"predecessor-version":[{"id":1743,"href":"https:\/\/ensfjsmo-sjn.infd.edu.ar\/sitio\/wp-json\/wp\/v2\/pages\/921\/revisions\/1743"}],"wp:attachment":[{"href":"https:\/\/ensfjsmo-sjn.infd.edu.ar\/sitio\/wp-json\/wp\/v2\/media?parent=921"}],"curies":[{"name":"wp","href":"https:\/\/api.w.org\/{rel}","templated":true}]}}